{"id":20535,"date":"2022-02-23T09:47:28","date_gmt":"2022-02-23T12:47:28","guid":{"rendered":"https:\/\/www.hard.com.br\/nossos-pilares\/"},"modified":"2023-01-10T14:26:12","modified_gmt":"2023-01-10T17:26:12","slug":"our-pillars","status":"publish","type":"page","link":"https:\/\/www.hard.com.br\/en\/our-pillars\/","title":{"rendered":"Our pillars"},"content":{"rendered":"<p><span data-sheets-value=\"{&quot;1&quot;:2,&quot;2&quot;:&quot;A longa e s\u00f3lida atua\u00e7\u00e3o do Grupo Hard est\u00e1 fundamentada em quatro pilares. Essa \u00e9 a base para mais de 36 anos de conquistas e supera\u00e7\u00f5es.&quot;}\" data-sheets-userformat=\"{&quot;2&quot;:4995,&quot;3&quot;:{&quot;1&quot;:0},&quot;4&quot;:{&quot;1&quot;:2,&quot;2&quot;:16777215},&quot;10&quot;:0,&quot;11&quot;:4,&quot;12&quot;:0,&quot;15&quot;:&quot;Montserrat&quot;}\">Hard Group\u2019s long and solid operation is based on four pillars. This is the base for more than 36 years of achievements and breakthroughs.<br \/>\n<\/span><\/p>\n","protected":false},"excerpt":{"rendered":"Hard Group\u2019s long and solid operation is based on four pillars. This is the base [&hellip;]","protected":false},"author":14,"featured_media":0,"parent":0,"menu_order":4,"comment_status":"closed","ping_status":"closed","template":"page-our-pillars.php","meta":{"_acf_changed":false,"footnotes":""},"class_list":["post-20535","page","type-page","status-publish","hentry"],"acf":[],"yoast_head":"<!-- This site is optimized with the Yoast SEO plugin v27.2 - https:\/\/yoast.com\/product\/yoast-seo-wordpress\/ -->\n<title>HARD Group | Our Pillars<\/title>\n<meta name=\"description\" content=\"Hard Group\u2019s long and solid operation is based on four pillars.\" \/>\n<meta name=\"robots\" content=\"index, follow, max-snippet:-1, max-image-preview:large, max-video-preview:-1\" \/>\n<link rel=\"canonical\" href=\"https:\/\/www.hard.com.br\/en\/our-pillars\/\" \/>\n<meta property=\"og:locale\" content=\"en_US\" \/>\n<meta property=\"og:type\" content=\"article\" \/>\n<meta property=\"og:title\" content=\"HARD Group | Our Pillars\" \/>\n<meta property=\"og:description\" content=\"Hard Group\u2019s long and solid operation is based on four pillars.\" \/>\n<meta property=\"og:url\" content=\"https:\/\/www.hard.com.br\/en\/our-pillars\/\" \/>\n<meta property=\"og:site_name\" content=\"Grupo Hard\" \/>\n<meta property=\"article:modified_time\" content=\"2023-01-10T17:26:12+00:00\" \/>\n<meta name=\"twitter:card\" content=\"summary_large_image\" \/>\n<meta name=\"twitter:label1\" content=\"Est. reading time\" \/>\n\t<meta name=\"twitter:data1\" content=\"1 minute\" \/>\n<script type=\"application\/ld+json\" class=\"yoast-schema-graph\">{\"@context\":\"https:\/\/schema.org\",\"@graph\":[{\"@type\":\"WebPage\",\"@id\":\"https:\/\/www.hard.com.br\/en\/our-pillars\/\",\"url\":\"https:\/\/www.hard.com.br\/en\/our-pillars\/\",\"name\":\"HARD Group | Our Pillars\",\"isPartOf\":{\"@id\":\"https:\/\/www.hard.com.br\/en\/#website\"},\"datePublished\":\"2022-02-23T12:47:28+00:00\",\"dateModified\":\"2023-01-10T17:26:12+00:00\",\"description\":\"Hard Group\u2019s long and solid operation is based on four pillars.\",\"breadcrumb\":{\"@id\":\"https:\/\/www.hard.com.br\/en\/our-pillars\/#breadcrumb\"},\"inLanguage\":\"en-US\",\"potentialAction\":[{\"@type\":\"ReadAction\",\"target\":[\"https:\/\/www.hard.com.br\/en\/our-pillars\/\"]}]},{\"@type\":\"BreadcrumbList\",\"@id\":\"https:\/\/www.hard.com.br\/en\/our-pillars\/#breadcrumb\",\"itemListElement\":[{\"@type\":\"ListItem\",\"position\":1,\"name\":\"Home\",\"item\":\"https:\/\/www.hard.com.br\/en\/\"},{\"@type\":\"ListItem\",\"position\":2,\"name\":\"Our pillars\"}]},{\"@type\":\"WebSite\",\"@id\":\"https:\/\/www.hard.com.br\/en\/#website\",\"url\":\"https:\/\/www.hard.com.br\/en\/\",\"name\":\"Grupo Hard\",\"description\":\"Desde 1985.\",\"potentialAction\":[{\"@type\":\"SearchAction\",\"target\":{\"@type\":\"EntryPoint\",\"urlTemplate\":\"https:\/\/www.hard.com.br\/en\/?s={search_term_string}\"},\"query-input\":{\"@type\":\"PropertyValueSpecification\",\"valueRequired\":true,\"valueName\":\"search_term_string\"}}],\"inLanguage\":\"en-US\"}]}<\/script>\n<!-- \/ Yoast SEO plugin. -->","yoast_head_json":{"title":"HARD Group | Our Pillars","description":"Hard Group\u2019s long and solid operation is based on four pillars.","robots":{"index":"index","follow":"follow","max-snippet":"max-snippet:-1","max-image-preview":"max-image-preview:large","max-video-preview":"max-video-preview:-1"},"canonical":"https:\/\/www.hard.com.br\/en\/our-pillars\/","og_locale":"en_US","og_type":"article","og_title":"HARD Group | Our Pillars","og_description":"Hard Group\u2019s long and solid operation is based on four pillars.","og_url":"https:\/\/www.hard.com.br\/en\/our-pillars\/","og_site_name":"Grupo Hard","article_modified_time":"2023-01-10T17:26:12+00:00","twitter_card":"summary_large_image","twitter_misc":{"Est. reading time":"1 minute"},"schema":{"@context":"https:\/\/schema.org","@graph":[{"@type":"WebPage","@id":"https:\/\/www.hard.com.br\/en\/our-pillars\/","url":"https:\/\/www.hard.com.br\/en\/our-pillars\/","name":"HARD Group | Our Pillars","isPartOf":{"@id":"https:\/\/www.hard.com.br\/en\/#website"},"datePublished":"2022-02-23T12:47:28+00:00","dateModified":"2023-01-10T17:26:12+00:00","description":"Hard Group\u2019s long and solid operation is based on four pillars.","breadcrumb":{"@id":"https:\/\/www.hard.com.br\/en\/our-pillars\/#breadcrumb"},"inLanguage":"en-US","potentialAction":[{"@type":"ReadAction","target":["https:\/\/www.hard.com.br\/en\/our-pillars\/"]}]},{"@type":"BreadcrumbList","@id":"https:\/\/www.hard.com.br\/en\/our-pillars\/#breadcrumb","itemListElement":[{"@type":"ListItem","position":1,"name":"Home","item":"https:\/\/www.hard.com.br\/en\/"},{"@type":"ListItem","position":2,"name":"Our pillars"}]},{"@type":"WebSite","@id":"https:\/\/www.hard.com.br\/en\/#website","url":"https:\/\/www.hard.com.br\/en\/","name":"Grupo Hard","description":"Desde 1985.","potentialAction":[{"@type":"SearchAction","target":{"@type":"EntryPoint","urlTemplate":"https:\/\/www.hard.com.br\/en\/?s={search_term_string}"},"query-input":{"@type":"PropertyValueSpecification","valueRequired":true,"valueName":"search_term_string"}}],"inLanguage":"en-US"}]}},"_links":{"self":[{"href":"https:\/\/www.hard.com.br\/en\/wp-json\/wp\/v2\/pages\/20535","targetHints":{"allow":["GET"]}}],"collection":[{"href":"https:\/\/www.hard.com.br\/en\/wp-json\/wp\/v2\/pages"}],"about":[{"href":"https:\/\/www.hard.com.br\/en\/wp-json\/wp\/v2\/types\/page"}],"author":[{"embeddable":true,"href":"https:\/\/www.hard.com.br\/en\/wp-json\/wp\/v2\/users\/14"}],"replies":[{"embeddable":true,"href":"https:\/\/www.hard.com.br\/en\/wp-json\/wp\/v2\/comments?post=20535"}],"version-history":[{"count":4,"href":"https:\/\/www.hard.com.br\/en\/wp-json\/wp\/v2\/pages\/20535\/revisions"}],"predecessor-version":[{"id":23345,"href":"https:\/\/www.hard.com.br\/en\/wp-json\/wp\/v2\/pages\/20535\/revisions\/23345"}],"wp:attachment":[{"href":"https:\/\/www.hard.com.br\/en\/wp-json\/wp\/v2\/media?parent=20535"}],"curies":[{"name":"wp","href":"https:\/\/api.w.org\/{rel}","templated":true}]}}