{"id":20675,"date":"2022-02-23T09:48:39","date_gmt":"2022-02-23T12:48:39","guid":{"rendered":"https:\/\/www.hard.com.br\/nossos-pilares\/inovacao\/"},"modified":"2023-01-10T14:27:00","modified_gmt":"2023-01-10T17:27:00","slug":"inovacao","status":"publish","type":"page","link":"https:\/\/www.hard.com.br\/en\/our-pillars\/inovacao\/","title":{"rendered":"Innovation"},"content":{"rendered":"<h1>Innovation<\/h1>\n<p><span data-sheets-value=\"{&quot;1&quot;:2,&quot;2&quot;:&quot;O Grupo Hard nasceu do desejo de facilitar a vida das pessoas por meio da inova\u00e7\u00e3o, por isso esse valor \u00e9 a mat\u00e9ria-prima de tudo o que \u00e9 feito na Hard. Porque sabemos que n\u00e3o vamos conseguir elevar o padr\u00e3o construtivo e produtivo dos pa\u00edses onde atuarmos com apenas mais um produto comum. Para cumprir a nossa miss\u00e3o e construir um novo amanh\u00e3, precisamos diariamente nos desafiar a inovar, a fazer diferente.&quot;}\" data-sheets-userformat=\"{&quot;2&quot;:4995,&quot;3&quot;:{&quot;1&quot;:0},&quot;4&quot;:{&quot;1&quot;:2,&quot;2&quot;:16777215},&quot;10&quot;:0,&quot;11&quot;:4,&quot;12&quot;:0,&quot;15&quot;:&quot;Montserrat&quot;}\">Hard Group was born from the desire to make people&#8217;s lives easier through innovation, so this value is the raw material of everything we do. Because we know we won\u2019t be able to increase the constructive and productive standard of the countries where we operate with just another common product. In order to accomplish our mission and build a new tomorrow, we need to challenge ourselves to innovate in a daily basis.<br \/>\n<\/span><\/p>\n","protected":false},"excerpt":{"rendered":"Innovation Hard Group was born from the desire to make people&#8217;s lives easier through innovation, [&hellip;]","protected":false},"author":14,"featured_media":0,"parent":20535,"menu_order":8,"comment_status":"closed","ping_status":"closed","template":"page-our-pillars-intern.php","meta":{"_acf_changed":false,"footnotes":""},"class_list":["post-20675","page","type-page","status-publish","hentry"],"acf":[],"yoast_head":"<!-- This site is optimized with the Yoast SEO plugin v27.2 - https:\/\/yoast.com\/product\/yoast-seo-wordpress\/ -->\n<title>HARD Group | Innovation<\/title>\n<meta name=\"description\" content=\"Hard Group was born from the desire to make people&#039;s lives easier through innovation, so this value is the raw material of everything we do.\" \/>\n<meta name=\"robots\" content=\"index, follow, max-snippet:-1, max-image-preview:large, max-video-preview:-1\" \/>\n<link rel=\"canonical\" href=\"https:\/\/www.hard.com.br\/en\/our-pillars\/inovacao\/\" \/>\n<meta property=\"og:locale\" content=\"en_US\" \/>\n<meta property=\"og:type\" content=\"article\" \/>\n<meta property=\"og:title\" content=\"HARD Group | Innovation\" \/>\n<meta property=\"og:description\" content=\"Hard Group was born from the desire to make people&#039;s lives easier through innovation, so this value is the raw material of everything we do.\" \/>\n<meta property=\"og:url\" content=\"https:\/\/www.hard.com.br\/en\/our-pillars\/inovacao\/\" \/>\n<meta property=\"og:site_name\" content=\"Grupo Hard\" \/>\n<meta property=\"article:modified_time\" content=\"2023-01-10T17:27:00+00:00\" \/>\n<meta name=\"twitter:card\" content=\"summary_large_image\" \/>\n<meta name=\"twitter:label1\" content=\"Est. reading time\" \/>\n\t<meta name=\"twitter:data1\" content=\"1 minute\" \/>\n<script type=\"application\/ld+json\" class=\"yoast-schema-graph\">{\"@context\":\"https:\/\/schema.org\",\"@graph\":[{\"@type\":\"WebPage\",\"@id\":\"https:\/\/www.hard.com.br\/en\/our-pillars\/inovacao\/\",\"url\":\"https:\/\/www.hard.com.br\/en\/our-pillars\/inovacao\/\",\"name\":\"HARD Group | Innovation\",\"isPartOf\":{\"@id\":\"https:\/\/www.hard.com.br\/en\/#website\"},\"datePublished\":\"2022-02-23T12:48:39+00:00\",\"dateModified\":\"2023-01-10T17:27:00+00:00\",\"description\":\"Hard Group was born from the desire to make people's lives easier through innovation, so this value is the raw material of everything we do.\",\"breadcrumb\":{\"@id\":\"https:\/\/www.hard.com.br\/en\/our-pillars\/inovacao\/#breadcrumb\"},\"inLanguage\":\"en-US\",\"potentialAction\":[{\"@type\":\"ReadAction\",\"target\":[\"https:\/\/www.hard.com.br\/en\/our-pillars\/inovacao\/\"]}]},{\"@type\":\"BreadcrumbList\",\"@id\":\"https:\/\/www.hard.com.br\/en\/our-pillars\/inovacao\/#breadcrumb\",\"itemListElement\":[{\"@type\":\"ListItem\",\"position\":1,\"name\":\"Home\",\"item\":\"https:\/\/www.hard.com.br\/en\/\"},{\"@type\":\"ListItem\",\"position\":2,\"name\":\"Our pillars\",\"item\":\"https:\/\/www.hard.com.br\/en\/our-pillars\/?lang=en\"},{\"@type\":\"ListItem\",\"position\":3,\"name\":\"Innovation\"}]},{\"@type\":\"WebSite\",\"@id\":\"https:\/\/www.hard.com.br\/en\/#website\",\"url\":\"https:\/\/www.hard.com.br\/en\/\",\"name\":\"Grupo Hard\",\"description\":\"Desde 1985.\",\"potentialAction\":[{\"@type\":\"SearchAction\",\"target\":{\"@type\":\"EntryPoint\",\"urlTemplate\":\"https:\/\/www.hard.com.br\/en\/?s={search_term_string}\"},\"query-input\":{\"@type\":\"PropertyValueSpecification\",\"valueRequired\":true,\"valueName\":\"search_term_string\"}}],\"inLanguage\":\"en-US\"}]}<\/script>\n<!-- \/ Yoast SEO plugin. -->","yoast_head_json":{"title":"HARD Group | Innovation","description":"Hard Group was born from the desire to make people's lives easier through innovation, so this value is the raw material of everything we do.","robots":{"index":"index","follow":"follow","max-snippet":"max-snippet:-1","max-image-preview":"max-image-preview:large","max-video-preview":"max-video-preview:-1"},"canonical":"https:\/\/www.hard.com.br\/en\/our-pillars\/inovacao\/","og_locale":"en_US","og_type":"article","og_title":"HARD Group | Innovation","og_description":"Hard Group was born from the desire to make people's lives easier through innovation, so this value is the raw material of everything we do.","og_url":"https:\/\/www.hard.com.br\/en\/our-pillars\/inovacao\/","og_site_name":"Grupo Hard","article_modified_time":"2023-01-10T17:27:00+00:00","twitter_card":"summary_large_image","twitter_misc":{"Est. reading time":"1 minute"},"schema":{"@context":"https:\/\/schema.org","@graph":[{"@type":"WebPage","@id":"https:\/\/www.hard.com.br\/en\/our-pillars\/inovacao\/","url":"https:\/\/www.hard.com.br\/en\/our-pillars\/inovacao\/","name":"HARD Group | Innovation","isPartOf":{"@id":"https:\/\/www.hard.com.br\/en\/#website"},"datePublished":"2022-02-23T12:48:39+00:00","dateModified":"2023-01-10T17:27:00+00:00","description":"Hard Group was born from the desire to make people's lives easier through innovation, so this value is the raw material of everything we do.","breadcrumb":{"@id":"https:\/\/www.hard.com.br\/en\/our-pillars\/inovacao\/#breadcrumb"},"inLanguage":"en-US","potentialAction":[{"@type":"ReadAction","target":["https:\/\/www.hard.com.br\/en\/our-pillars\/inovacao\/"]}]},{"@type":"BreadcrumbList","@id":"https:\/\/www.hard.com.br\/en\/our-pillars\/inovacao\/#breadcrumb","itemListElement":[{"@type":"ListItem","position":1,"name":"Home","item":"https:\/\/www.hard.com.br\/en\/"},{"@type":"ListItem","position":2,"name":"Our pillars","item":"https:\/\/www.hard.com.br\/en\/our-pillars\/?lang=en"},{"@type":"ListItem","position":3,"name":"Innovation"}]},{"@type":"WebSite","@id":"https:\/\/www.hard.com.br\/en\/#website","url":"https:\/\/www.hard.com.br\/en\/","name":"Grupo Hard","description":"Desde 1985.","potentialAction":[{"@type":"SearchAction","target":{"@type":"EntryPoint","urlTemplate":"https:\/\/www.hard.com.br\/en\/?s={search_term_string}"},"query-input":{"@type":"PropertyValueSpecification","valueRequired":true,"valueName":"search_term_string"}}],"inLanguage":"en-US"}]}},"_links":{"self":[{"href":"https:\/\/www.hard.com.br\/en\/wp-json\/wp\/v2\/pages\/20675","targetHints":{"allow":["GET"]}}],"collection":[{"href":"https:\/\/www.hard.com.br\/en\/wp-json\/wp\/v2\/pages"}],"about":[{"href":"https:\/\/www.hard.com.br\/en\/wp-json\/wp\/v2\/types\/page"}],"author":[{"embeddable":true,"href":"https:\/\/www.hard.com.br\/en\/wp-json\/wp\/v2\/users\/14"}],"replies":[{"embeddable":true,"href":"https:\/\/www.hard.com.br\/en\/wp-json\/wp\/v2\/comments?post=20675"}],"version-history":[{"count":4,"href":"https:\/\/www.hard.com.br\/en\/wp-json\/wp\/v2\/pages\/20675\/revisions"}],"predecessor-version":[{"id":23346,"href":"https:\/\/www.hard.com.br\/en\/wp-json\/wp\/v2\/pages\/20675\/revisions\/23346"}],"up":[{"embeddable":true,"href":"https:\/\/www.hard.com.br\/en\/wp-json\/wp\/v2\/pages\/20535"}],"wp:attachment":[{"href":"https:\/\/www.hard.com.br\/en\/wp-json\/wp\/v2\/media?parent=20675"}],"curies":[{"name":"wp","href":"https:\/\/api.w.org\/{rel}","templated":true}]}}