{"id":21388,"date":"2022-03-21T15:30:26","date_gmt":"2022-03-21T18:30:26","guid":{"rendered":"https:\/\/www.hard.com.br\/nossos-pilares\/qualidade-comprovada\/"},"modified":"2024-04-10T13:49:22","modified_gmt":"2024-04-10T16:49:22","slug":"qualidade-comprovada","status":"publish","type":"page","link":"https:\/\/www.hard.com.br\/en\/our-pillars\/qualidade-comprovada\/","title":{"rendered":"Proven Quality"},"content":{"rendered":"<h1>Proven Quality<\/h1>\n<p><span data-sheets-value=\"{&quot;1&quot;:2,&quot;2&quot;:&quot;A qualidade superior \u00e9 sin\u00f4nimo da marca Hard e est\u00e1 presente em todas as solu\u00e7\u00f5es que chegam aos clientes. Isso s\u00f3 \u00e9 poss\u00edvel porque a excel\u00eancia \u00e9 buscada em cada etapa do processo, do desenvolvimento a distribui\u00e7\u00e3o.&quot;}\" data-sheets-userformat=\"{&quot;2&quot;:4995,&quot;3&quot;:{&quot;1&quot;:0},&quot;4&quot;:{&quot;1&quot;:2,&quot;2&quot;:16777215},&quot;10&quot;:0,&quot;11&quot;:4,&quot;12&quot;:0,&quot;15&quot;:&quot;Montserrat&quot;}\">Superior quality is synonymous with the Hard brand and it is present in every solution that reaches our customers. This is only possible because excellence is sought at every step of the process, from development to distribution.<br \/>\n<\/span><\/p>\n","protected":false},"excerpt":{"rendered":"Proven Quality Superior quality is synonymous with the Hard brand and it is present in [&hellip;]","protected":false},"author":14,"featured_media":0,"parent":20535,"menu_order":7,"comment_status":"closed","ping_status":"closed","template":"page-our-pillars-intern.php","meta":{"_acf_changed":false,"footnotes":""},"class_list":["post-21388","page","type-page","status-publish","hentry"],"acf":[],"yoast_head":"<!-- This site is optimized with the Yoast SEO plugin v27.2 - https:\/\/yoast.com\/product\/yoast-seo-wordpress\/ -->\n<title>HARD Group | Proven Quality<\/title>\n<meta name=\"description\" content=\"Hard brand\u2019 quality is proven by national and international certifications, exclusive laboratories and the excellence achieved in each solution.\" \/>\n<meta name=\"robots\" content=\"index, follow, max-snippet:-1, max-image-preview:large, max-video-preview:-1\" \/>\n<link rel=\"canonical\" href=\"https:\/\/www.hard.com.br\/en\/our-pillars\/qualidade-comprovada\/\" \/>\n<meta property=\"og:locale\" content=\"en_US\" \/>\n<meta property=\"og:type\" content=\"article\" \/>\n<meta property=\"og:title\" content=\"HARD Group | Proven Quality\" \/>\n<meta property=\"og:description\" content=\"Hard brand\u2019 quality is proven by national and international certifications, exclusive laboratories and the excellence achieved in each solution.\" \/>\n<meta property=\"og:url\" content=\"https:\/\/www.hard.com.br\/en\/our-pillars\/qualidade-comprovada\/\" \/>\n<meta property=\"og:site_name\" content=\"Grupo Hard\" \/>\n<meta property=\"article:modified_time\" content=\"2024-04-10T16:49:22+00:00\" \/>\n<meta name=\"twitter:card\" content=\"summary_large_image\" \/>\n<meta name=\"twitter:label1\" content=\"Est. reading time\" \/>\n\t<meta name=\"twitter:data1\" content=\"1 minute\" \/>\n<script type=\"application\/ld+json\" class=\"yoast-schema-graph\">{\"@context\":\"https:\/\/schema.org\",\"@graph\":[{\"@type\":\"WebPage\",\"@id\":\"https:\/\/www.hard.com.br\/en\/our-pillars\/qualidade-comprovada\/\",\"url\":\"https:\/\/www.hard.com.br\/en\/our-pillars\/qualidade-comprovada\/\",\"name\":\"HARD Group | Proven Quality\",\"isPartOf\":{\"@id\":\"https:\/\/www.hard.com.br\/en\/#website\"},\"datePublished\":\"2022-03-21T18:30:26+00:00\",\"dateModified\":\"2024-04-10T16:49:22+00:00\",\"description\":\"Hard brand\u2019 quality is proven by national and international certifications, exclusive laboratories and the excellence achieved in each solution.\",\"breadcrumb\":{\"@id\":\"https:\/\/www.hard.com.br\/en\/our-pillars\/qualidade-comprovada\/#breadcrumb\"},\"inLanguage\":\"en-US\",\"potentialAction\":[{\"@type\":\"ReadAction\",\"target\":[\"https:\/\/www.hard.com.br\/en\/our-pillars\/qualidade-comprovada\/\"]}]},{\"@type\":\"BreadcrumbList\",\"@id\":\"https:\/\/www.hard.com.br\/en\/our-pillars\/qualidade-comprovada\/#breadcrumb\",\"itemListElement\":[{\"@type\":\"ListItem\",\"position\":1,\"name\":\"Home\",\"item\":\"https:\/\/www.hard.com.br\/en\/\"},{\"@type\":\"ListItem\",\"position\":2,\"name\":\"Our pillars\",\"item\":\"https:\/\/www.hard.com.br\/en\/our-pillars\/?lang=en\"},{\"@type\":\"ListItem\",\"position\":3,\"name\":\"Proven Quality\"}]},{\"@type\":\"WebSite\",\"@id\":\"https:\/\/www.hard.com.br\/en\/#website\",\"url\":\"https:\/\/www.hard.com.br\/en\/\",\"name\":\"Grupo Hard\",\"description\":\"Desde 1985.\",\"potentialAction\":[{\"@type\":\"SearchAction\",\"target\":{\"@type\":\"EntryPoint\",\"urlTemplate\":\"https:\/\/www.hard.com.br\/en\/?s={search_term_string}\"},\"query-input\":{\"@type\":\"PropertyValueSpecification\",\"valueRequired\":true,\"valueName\":\"search_term_string\"}}],\"inLanguage\":\"en-US\"}]}<\/script>\n<!-- \/ Yoast SEO plugin. -->","yoast_head_json":{"title":"HARD Group | Proven Quality","description":"Hard brand\u2019 quality is proven by national and international certifications, exclusive laboratories and the excellence achieved in each solution.","robots":{"index":"index","follow":"follow","max-snippet":"max-snippet:-1","max-image-preview":"max-image-preview:large","max-video-preview":"max-video-preview:-1"},"canonical":"https:\/\/www.hard.com.br\/en\/our-pillars\/qualidade-comprovada\/","og_locale":"en_US","og_type":"article","og_title":"HARD Group | Proven Quality","og_description":"Hard brand\u2019 quality is proven by national and international certifications, exclusive laboratories and the excellence achieved in each solution.","og_url":"https:\/\/www.hard.com.br\/en\/our-pillars\/qualidade-comprovada\/","og_site_name":"Grupo Hard","article_modified_time":"2024-04-10T16:49:22+00:00","twitter_card":"summary_large_image","twitter_misc":{"Est. reading time":"1 minute"},"schema":{"@context":"https:\/\/schema.org","@graph":[{"@type":"WebPage","@id":"https:\/\/www.hard.com.br\/en\/our-pillars\/qualidade-comprovada\/","url":"https:\/\/www.hard.com.br\/en\/our-pillars\/qualidade-comprovada\/","name":"HARD Group | Proven Quality","isPartOf":{"@id":"https:\/\/www.hard.com.br\/en\/#website"},"datePublished":"2022-03-21T18:30:26+00:00","dateModified":"2024-04-10T16:49:22+00:00","description":"Hard brand\u2019 quality is proven by national and international certifications, exclusive laboratories and the excellence achieved in each solution.","breadcrumb":{"@id":"https:\/\/www.hard.com.br\/en\/our-pillars\/qualidade-comprovada\/#breadcrumb"},"inLanguage":"en-US","potentialAction":[{"@type":"ReadAction","target":["https:\/\/www.hard.com.br\/en\/our-pillars\/qualidade-comprovada\/"]}]},{"@type":"BreadcrumbList","@id":"https:\/\/www.hard.com.br\/en\/our-pillars\/qualidade-comprovada\/#breadcrumb","itemListElement":[{"@type":"ListItem","position":1,"name":"Home","item":"https:\/\/www.hard.com.br\/en\/"},{"@type":"ListItem","position":2,"name":"Our pillars","item":"https:\/\/www.hard.com.br\/en\/our-pillars\/?lang=en"},{"@type":"ListItem","position":3,"name":"Proven Quality"}]},{"@type":"WebSite","@id":"https:\/\/www.hard.com.br\/en\/#website","url":"https:\/\/www.hard.com.br\/en\/","name":"Grupo Hard","description":"Desde 1985.","potentialAction":[{"@type":"SearchAction","target":{"@type":"EntryPoint","urlTemplate":"https:\/\/www.hard.com.br\/en\/?s={search_term_string}"},"query-input":{"@type":"PropertyValueSpecification","valueRequired":true,"valueName":"search_term_string"}}],"inLanguage":"en-US"}]}},"_links":{"self":[{"href":"https:\/\/www.hard.com.br\/en\/wp-json\/wp\/v2\/pages\/21388","targetHints":{"allow":["GET"]}}],"collection":[{"href":"https:\/\/www.hard.com.br\/en\/wp-json\/wp\/v2\/pages"}],"about":[{"href":"https:\/\/www.hard.com.br\/en\/wp-json\/wp\/v2\/types\/page"}],"author":[{"embeddable":true,"href":"https:\/\/www.hard.com.br\/en\/wp-json\/wp\/v2\/users\/14"}],"replies":[{"embeddable":true,"href":"https:\/\/www.hard.com.br\/en\/wp-json\/wp\/v2\/comments?post=21388"}],"version-history":[{"count":5,"href":"https:\/\/www.hard.com.br\/en\/wp-json\/wp\/v2\/pages\/21388\/revisions"}],"predecessor-version":[{"id":28572,"href":"https:\/\/www.hard.com.br\/en\/wp-json\/wp\/v2\/pages\/21388\/revisions\/28572"}],"up":[{"embeddable":true,"href":"https:\/\/www.hard.com.br\/en\/wp-json\/wp\/v2\/pages\/20535"}],"wp:attachment":[{"href":"https:\/\/www.hard.com.br\/en\/wp-json\/wp\/v2\/media?parent=21388"}],"curies":[{"name":"wp","href":"https:\/\/api.w.org\/{rel}","templated":true}]}}