{"id":20515,"date":"2023-01-10T15:45:58","date_gmt":"2023-01-10T18:45:58","guid":{"rendered":"https:\/\/www.hard.com.br\/?page_id=20515"},"modified":"2023-01-10T15:45:58","modified_gmt":"2023-01-10T18:45:58","slug":"nuestra-historia","status":"publish","type":"page","link":"https:\/\/www.hard.com.br\/es\/bienvenido-al-grupo-hard\/nuestra-historia\/","title":{"rendered":"Nuestra Historia"},"content":{"rendered":"<p>La innovaci\u00f3n y el emprendimiento est\u00e1n en el ADN de Grupo Hard. Esto se puede ver en cada paso de nuestra historia, desde la fundaci\u00f3n en 1985. Pionera en ventas t\u00e9cnicas en Brasil, Hard naci\u00f3 del deseo del ingeniero mec\u00e1nico Larri Hartmann de facilitar el d\u00eda a d\u00eda del cliente a trav\u00e9s de la innovaci\u00f3n.<\/p>\n","protected":false},"excerpt":{"rendered":"La innovaci\u00f3n y el emprendimiento est\u00e1n en el ADN de Grupo Hard. Esto se puede [&hellip;]","protected":false},"author":14,"featured_media":0,"parent":22482,"menu_order":3,"comment_status":"closed","ping_status":"closed","template":"page-our-history.php","meta":{"_acf_changed":false,"footnotes":""},"class_list":["post-20515","page","type-page","status-publish","hentry"],"acf":[],"yoast_head":"<!-- This site is optimized with the Yoast SEO plugin v27.2 - https:\/\/yoast.com\/product\/yoast-seo-wordpress\/ -->\n<title>Historia del Grupo HARD<\/title>\n<meta name=\"description\" content=\"La innovaci\u00f3n y el emprendimiento est\u00e1n en el ADN de Grupo Hard. Esto se puede ver en cada paso de nuestra historia, desde su fundaci\u00f3n en 1985.\" \/>\n<meta name=\"robots\" content=\"index, follow, max-snippet:-1, max-image-preview:large, max-video-preview:-1\" \/>\n<link rel=\"canonical\" href=\"https:\/\/www.hard.com.br\/es\/bienvenido-al-grupo-hard\/nuestra-historia\/\" \/>\n<meta property=\"og:locale\" content=\"es_ES\" \/>\n<meta property=\"og:type\" content=\"article\" \/>\n<meta property=\"og:title\" content=\"Historia del Grupo HARD\" \/>\n<meta property=\"og:description\" content=\"La innovaci\u00f3n y el emprendimiento est\u00e1n en el ADN de Grupo Hard. Esto se puede ver en cada paso de nuestra historia, desde su fundaci\u00f3n en 1985.\" \/>\n<meta property=\"og:url\" content=\"https:\/\/www.hard.com.br\/es\/bienvenido-al-grupo-hard\/nuestra-historia\/\" \/>\n<meta property=\"og:site_name\" content=\"Grupo Hard\" \/>\n<meta name=\"twitter:card\" content=\"summary_large_image\" \/>\n<script type=\"application\/ld+json\" class=\"yoast-schema-graph\">{\"@context\":\"https:\/\/schema.org\",\"@graph\":[{\"@type\":\"WebPage\",\"@id\":\"https:\/\/www.hard.com.br\/es\/bienvenido-al-grupo-hard\/nuestra-historia\/\",\"url\":\"https:\/\/www.hard.com.br\/es\/bienvenido-al-grupo-hard\/nuestra-historia\/\",\"name\":\"Historia del Grupo HARD\",\"isPartOf\":{\"@id\":\"https:\/\/www.hard.com.br\/es\/#website\"},\"datePublished\":\"2023-01-10T18:45:58+00:00\",\"description\":\"La innovaci\u00f3n y el emprendimiento est\u00e1n en el ADN de Grupo Hard. Esto se puede ver en cada paso de nuestra historia, desde su fundaci\u00f3n en 1985.\",\"breadcrumb\":{\"@id\":\"https:\/\/www.hard.com.br\/es\/bienvenido-al-grupo-hard\/nuestra-historia\/#breadcrumb\"},\"inLanguage\":\"es\",\"potentialAction\":[{\"@type\":\"ReadAction\",\"target\":[\"https:\/\/www.hard.com.br\/es\/bienvenido-al-grupo-hard\/nuestra-historia\/\"]}]},{\"@type\":\"BreadcrumbList\",\"@id\":\"https:\/\/www.hard.com.br\/es\/bienvenido-al-grupo-hard\/nuestra-historia\/#breadcrumb\",\"itemListElement\":[{\"@type\":\"ListItem\",\"position\":1,\"name\":\"Home\",\"item\":\"https:\/\/www.hard.com.br\/es\/\"},{\"@type\":\"ListItem\",\"position\":2,\"name\":\"HARD\",\"item\":\"https:\/\/www.hard.com.br\/es\/bienvenido-al-grupo-hard\/\"},{\"@type\":\"ListItem\",\"position\":3,\"name\":\"Nuestra Historia\"}]},{\"@type\":\"WebSite\",\"@id\":\"https:\/\/www.hard.com.br\/es\/#website\",\"url\":\"https:\/\/www.hard.com.br\/es\/\",\"name\":\"Grupo Hard\",\"description\":\"Desde 1985.\",\"potentialAction\":[{\"@type\":\"SearchAction\",\"target\":{\"@type\":\"EntryPoint\",\"urlTemplate\":\"https:\/\/www.hard.com.br\/es\/?s={search_term_string}\"},\"query-input\":{\"@type\":\"PropertyValueSpecification\",\"valueRequired\":true,\"valueName\":\"search_term_string\"}}],\"inLanguage\":\"es\"}]}<\/script>\n<!-- \/ Yoast SEO plugin. -->","yoast_head_json":{"title":"Historia del Grupo HARD","description":"La innovaci\u00f3n y el emprendimiento est\u00e1n en el ADN de Grupo Hard. Esto se puede ver en cada paso de nuestra historia, desde su fundaci\u00f3n en 1985.","robots":{"index":"index","follow":"follow","max-snippet":"max-snippet:-1","max-image-preview":"max-image-preview:large","max-video-preview":"max-video-preview:-1"},"canonical":"https:\/\/www.hard.com.br\/es\/bienvenido-al-grupo-hard\/nuestra-historia\/","og_locale":"es_ES","og_type":"article","og_title":"Historia del Grupo HARD","og_description":"La innovaci\u00f3n y el emprendimiento est\u00e1n en el ADN de Grupo Hard. Esto se puede ver en cada paso de nuestra historia, desde su fundaci\u00f3n en 1985.","og_url":"https:\/\/www.hard.com.br\/es\/bienvenido-al-grupo-hard\/nuestra-historia\/","og_site_name":"Grupo Hard","twitter_card":"summary_large_image","schema":{"@context":"https:\/\/schema.org","@graph":[{"@type":"WebPage","@id":"https:\/\/www.hard.com.br\/es\/bienvenido-al-grupo-hard\/nuestra-historia\/","url":"https:\/\/www.hard.com.br\/es\/bienvenido-al-grupo-hard\/nuestra-historia\/","name":"Historia del Grupo HARD","isPartOf":{"@id":"https:\/\/www.hard.com.br\/es\/#website"},"datePublished":"2023-01-10T18:45:58+00:00","description":"La innovaci\u00f3n y el emprendimiento est\u00e1n en el ADN de Grupo Hard. Esto se puede ver en cada paso de nuestra historia, desde su fundaci\u00f3n en 1985.","breadcrumb":{"@id":"https:\/\/www.hard.com.br\/es\/bienvenido-al-grupo-hard\/nuestra-historia\/#breadcrumb"},"inLanguage":"es","potentialAction":[{"@type":"ReadAction","target":["https:\/\/www.hard.com.br\/es\/bienvenido-al-grupo-hard\/nuestra-historia\/"]}]},{"@type":"BreadcrumbList","@id":"https:\/\/www.hard.com.br\/es\/bienvenido-al-grupo-hard\/nuestra-historia\/#breadcrumb","itemListElement":[{"@type":"ListItem","position":1,"name":"Home","item":"https:\/\/www.hard.com.br\/es\/"},{"@type":"ListItem","position":2,"name":"HARD","item":"https:\/\/www.hard.com.br\/es\/bienvenido-al-grupo-hard\/"},{"@type":"ListItem","position":3,"name":"Nuestra Historia"}]},{"@type":"WebSite","@id":"https:\/\/www.hard.com.br\/es\/#website","url":"https:\/\/www.hard.com.br\/es\/","name":"Grupo Hard","description":"Desde 1985.","potentialAction":[{"@type":"SearchAction","target":{"@type":"EntryPoint","urlTemplate":"https:\/\/www.hard.com.br\/es\/?s={search_term_string}"},"query-input":{"@type":"PropertyValueSpecification","valueRequired":true,"valueName":"search_term_string"}}],"inLanguage":"es"}]}},"_links":{"self":[{"href":"https:\/\/www.hard.com.br\/es\/wp-json\/wp\/v2\/pages\/20515","targetHints":{"allow":["GET"]}}],"collection":[{"href":"https:\/\/www.hard.com.br\/es\/wp-json\/wp\/v2\/pages"}],"about":[{"href":"https:\/\/www.hard.com.br\/es\/wp-json\/wp\/v2\/types\/page"}],"author":[{"embeddable":true,"href":"https:\/\/www.hard.com.br\/es\/wp-json\/wp\/v2\/users\/14"}],"replies":[{"embeddable":true,"href":"https:\/\/www.hard.com.br\/es\/wp-json\/wp\/v2\/comments?post=20515"}],"version-history":[{"count":4,"href":"https:\/\/www.hard.com.br\/es\/wp-json\/wp\/v2\/pages\/20515\/revisions"}],"predecessor-version":[{"id":23367,"href":"https:\/\/www.hard.com.br\/es\/wp-json\/wp\/v2\/pages\/20515\/revisions\/23367"}],"up":[{"embeddable":true,"href":"https:\/\/www.hard.com.br\/es\/wp-json\/wp\/v2\/pages\/22482"}],"wp:attachment":[{"href":"https:\/\/www.hard.com.br\/es\/wp-json\/wp\/v2\/media?parent=20515"}],"curies":[{"name":"wp","href":"https:\/\/api.w.org\/{rel}","templated":true}]}}