{"id":20519,"date":"2022-03-02T13:00:24","date_gmt":"2022-03-02T16:00:24","guid":{"rendered":"https:\/\/www.hard.com.br\/revenda\/"},"modified":"2023-02-06T14:54:06","modified_gmt":"2023-02-06T17:54:06","slug":"conviertase-en-un-reventa-hard","status":"publish","type":"page","link":"https:\/\/www.hard.com.br\/es\/conviertase-en-un-reventa-hard\/","title":{"rendered":"Convi\u00e9rtase en una Reventa Hard"},"content":{"rendered":"<p>La misi\u00f3n del Grupo Hard es elevar el est\u00e1ndar constructivo y productivo en Brasil y en el mundo y nuestros socios minoristas y de reventa son esenciales para ayudarnos en esta misi\u00f3n y difundir la experiencia HARD a los consumidores.<\/p>\n<p>Hoy, GRUPO HARD cuenta con una amplia red de socios repartidos por todo Brasil, que forman parte de un hub que atiende a clientes de diferentes sectores, ofreciendo un portafolio robusto con varias soluciones innovadoras y productos de alto rendimiento.<\/p>\n<p>\u00a1Convi\u00e9rtase en una Reventa Hard y venga a elevar el est\u00e1ndar constructivo y productivo de Brasil y del mundo con nosotros!<\/p>\n","protected":false},"excerpt":{"rendered":"La misi\u00f3n del Grupo Hard es elevar el est\u00e1ndar constructivo y productivo en Brasil y [&hellip;]","protected":false},"author":14,"featured_media":0,"parent":0,"menu_order":1,"comment_status":"closed","ping_status":"closed","template":"page-resale.php","meta":{"_acf_changed":false,"footnotes":""},"class_list":["post-20519","page","type-page","status-publish","hentry"],"acf":[],"yoast_head":"<!-- This site is optimized with the Yoast SEO plugin v27.2 - https:\/\/yoast.com\/product\/yoast-seo-wordpress\/ -->\n<title>Convi\u00e9rtase en una Reventa Hard | Grupo Hard<\/title>\n<meta name=\"description\" content=\"GRUPO HARD tiene socios repartidos por todo Brasil. Convi\u00e9rtase en una Reventa Hard y venga a elevar el est\u00e1ndar constructivo y productivo de Brasil y del mundo con nosotros.\" \/>\n<meta name=\"robots\" content=\"index, follow, max-snippet:-1, max-image-preview:large, max-video-preview:-1\" \/>\n<link rel=\"canonical\" href=\"https:\/\/www.hard.com.br\/es\/conviertase-en-un-reventa-hard\/\" \/>\n<meta property=\"og:locale\" content=\"es_ES\" \/>\n<meta property=\"og:type\" content=\"article\" \/>\n<meta property=\"og:title\" content=\"Convi\u00e9rtase en una Reventa Hard | Grupo Hard\" \/>\n<meta property=\"og:description\" content=\"GRUPO HARD tiene socios repartidos por todo Brasil. Convi\u00e9rtase en una Reventa Hard y venga a elevar el est\u00e1ndar constructivo y productivo de Brasil y del mundo con nosotros.\" \/>\n<meta property=\"og:url\" content=\"https:\/\/www.hard.com.br\/es\/conviertase-en-un-reventa-hard\/\" \/>\n<meta property=\"og:site_name\" content=\"Grupo Hard\" \/>\n<meta property=\"article:modified_time\" content=\"2023-02-06T17:54:06+00:00\" \/>\n<meta name=\"twitter:card\" content=\"summary_large_image\" \/>\n<meta name=\"twitter:label1\" content=\"Tiempo de lectura\" \/>\n\t<meta name=\"twitter:data1\" content=\"1 minuto\" \/>\n<script type=\"application\/ld+json\" class=\"yoast-schema-graph\">{\"@context\":\"https:\/\/schema.org\",\"@graph\":[{\"@type\":\"WebPage\",\"@id\":\"https:\/\/www.hard.com.br\/es\/conviertase-en-un-reventa-hard\/\",\"url\":\"https:\/\/www.hard.com.br\/es\/conviertase-en-un-reventa-hard\/\",\"name\":\"Convi\u00e9rtase en una Reventa Hard | Grupo Hard\",\"isPartOf\":{\"@id\":\"https:\/\/www.hard.com.br\/es\/#website\"},\"datePublished\":\"2022-03-02T16:00:24+00:00\",\"dateModified\":\"2023-02-06T17:54:06+00:00\",\"description\":\"GRUPO HARD tiene socios repartidos por todo Brasil. Convi\u00e9rtase en una Reventa Hard y venga a elevar el est\u00e1ndar constructivo y productivo de Brasil y del mundo con nosotros.\",\"breadcrumb\":{\"@id\":\"https:\/\/www.hard.com.br\/es\/conviertase-en-un-reventa-hard\/#breadcrumb\"},\"inLanguage\":\"es\",\"potentialAction\":[{\"@type\":\"ReadAction\",\"target\":[\"https:\/\/www.hard.com.br\/es\/conviertase-en-un-reventa-hard\/\"]}]},{\"@type\":\"BreadcrumbList\",\"@id\":\"https:\/\/www.hard.com.br\/es\/conviertase-en-un-reventa-hard\/#breadcrumb\",\"itemListElement\":[{\"@type\":\"ListItem\",\"position\":1,\"name\":\"Home\",\"item\":\"https:\/\/www.hard.com.br\/es\/\"},{\"@type\":\"ListItem\",\"position\":2,\"name\":\"Convi\u00e9rtase en una Reventa Hard\"}]},{\"@type\":\"WebSite\",\"@id\":\"https:\/\/www.hard.com.br\/es\/#website\",\"url\":\"https:\/\/www.hard.com.br\/es\/\",\"name\":\"Grupo Hard\",\"description\":\"Desde 1985.\",\"potentialAction\":[{\"@type\":\"SearchAction\",\"target\":{\"@type\":\"EntryPoint\",\"urlTemplate\":\"https:\/\/www.hard.com.br\/es\/?s={search_term_string}\"},\"query-input\":{\"@type\":\"PropertyValueSpecification\",\"valueRequired\":true,\"valueName\":\"search_term_string\"}}],\"inLanguage\":\"es\"}]}<\/script>\n<!-- \/ Yoast SEO plugin. -->","yoast_head_json":{"title":"Convi\u00e9rtase en una Reventa Hard | Grupo Hard","description":"GRUPO HARD tiene socios repartidos por todo Brasil. Convi\u00e9rtase en una Reventa Hard y venga a elevar el est\u00e1ndar constructivo y productivo de Brasil y del mundo con nosotros.","robots":{"index":"index","follow":"follow","max-snippet":"max-snippet:-1","max-image-preview":"max-image-preview:large","max-video-preview":"max-video-preview:-1"},"canonical":"https:\/\/www.hard.com.br\/es\/conviertase-en-un-reventa-hard\/","og_locale":"es_ES","og_type":"article","og_title":"Convi\u00e9rtase en una Reventa Hard | Grupo Hard","og_description":"GRUPO HARD tiene socios repartidos por todo Brasil. Convi\u00e9rtase en una Reventa Hard y venga a elevar el est\u00e1ndar constructivo y productivo de Brasil y del mundo con nosotros.","og_url":"https:\/\/www.hard.com.br\/es\/conviertase-en-un-reventa-hard\/","og_site_name":"Grupo Hard","article_modified_time":"2023-02-06T17:54:06+00:00","twitter_card":"summary_large_image","twitter_misc":{"Tiempo de lectura":"1 minuto"},"schema":{"@context":"https:\/\/schema.org","@graph":[{"@type":"WebPage","@id":"https:\/\/www.hard.com.br\/es\/conviertase-en-un-reventa-hard\/","url":"https:\/\/www.hard.com.br\/es\/conviertase-en-un-reventa-hard\/","name":"Convi\u00e9rtase en una Reventa Hard | Grupo Hard","isPartOf":{"@id":"https:\/\/www.hard.com.br\/es\/#website"},"datePublished":"2022-03-02T16:00:24+00:00","dateModified":"2023-02-06T17:54:06+00:00","description":"GRUPO HARD tiene socios repartidos por todo Brasil. Convi\u00e9rtase en una Reventa Hard y venga a elevar el est\u00e1ndar constructivo y productivo de Brasil y del mundo con nosotros.","breadcrumb":{"@id":"https:\/\/www.hard.com.br\/es\/conviertase-en-un-reventa-hard\/#breadcrumb"},"inLanguage":"es","potentialAction":[{"@type":"ReadAction","target":["https:\/\/www.hard.com.br\/es\/conviertase-en-un-reventa-hard\/"]}]},{"@type":"BreadcrumbList","@id":"https:\/\/www.hard.com.br\/es\/conviertase-en-un-reventa-hard\/#breadcrumb","itemListElement":[{"@type":"ListItem","position":1,"name":"Home","item":"https:\/\/www.hard.com.br\/es\/"},{"@type":"ListItem","position":2,"name":"Convi\u00e9rtase en una Reventa Hard"}]},{"@type":"WebSite","@id":"https:\/\/www.hard.com.br\/es\/#website","url":"https:\/\/www.hard.com.br\/es\/","name":"Grupo Hard","description":"Desde 1985.","potentialAction":[{"@type":"SearchAction","target":{"@type":"EntryPoint","urlTemplate":"https:\/\/www.hard.com.br\/es\/?s={search_term_string}"},"query-input":{"@type":"PropertyValueSpecification","valueRequired":true,"valueName":"search_term_string"}}],"inLanguage":"es"}]}},"_links":{"self":[{"href":"https:\/\/www.hard.com.br\/es\/wp-json\/wp\/v2\/pages\/20519","targetHints":{"allow":["GET"]}}],"collection":[{"href":"https:\/\/www.hard.com.br\/es\/wp-json\/wp\/v2\/pages"}],"about":[{"href":"https:\/\/www.hard.com.br\/es\/wp-json\/wp\/v2\/types\/page"}],"author":[{"embeddable":true,"href":"https:\/\/www.hard.com.br\/es\/wp-json\/wp\/v2\/users\/14"}],"replies":[{"embeddable":true,"href":"https:\/\/www.hard.com.br\/es\/wp-json\/wp\/v2\/comments?post=20519"}],"version-history":[{"count":8,"href":"https:\/\/www.hard.com.br\/es\/wp-json\/wp\/v2\/pages\/20519\/revisions"}],"predecessor-version":[{"id":24087,"href":"https:\/\/www.hard.com.br\/es\/wp-json\/wp\/v2\/pages\/20519\/revisions\/24087"}],"wp:attachment":[{"href":"https:\/\/www.hard.com.br\/es\/wp-json\/wp\/v2\/media?parent=20519"}],"curies":[{"name":"wp","href":"https:\/\/api.w.org\/{rel}","templated":true}]}}