{"id":20684,"date":"2022-02-23T09:48:39","date_gmt":"2022-02-23T12:48:39","guid":{"rendered":"https:\/\/www.hard.com.br\/nossos-pilares\/inovacao\/"},"modified":"2023-01-31T15:25:21","modified_gmt":"2023-01-31T18:25:21","slug":"innovacion","status":"publish","type":"page","link":"https:\/\/www.hard.com.br\/es\/nuestros-pilares\/innovacion\/","title":{"rendered":"Innovaci\u00f3n"},"content":{"rendered":"<h1>Innovaci\u00f3n<\/h1>\n<p><span data-sheets-value=\"{&quot;1&quot;:2,&quot;2&quot;:&quot;O Grupo Hard nasceu do desejo de facilitar a vida das pessoas por meio da inova\u00e7\u00e3o, por isso esse valor \u00e9 a mat\u00e9ria-prima de tudo o que \u00e9 feito na Hard. Porque sabemos que n\u00e3o vamos conseguir elevar o padr\u00e3o construtivo e produtivo dos pa\u00edses onde atuarmos com apenas mais um produto comum. Para cumprir a nossa miss\u00e3o e construir um novo amanh\u00e3, precisamos diariamente nos desafiar a inovar, a fazer diferente.&quot;}\" data-sheets-userformat=\"{&quot;2&quot;:4995,&quot;3&quot;:{&quot;1&quot;:0},&quot;4&quot;:{&quot;1&quot;:2,&quot;2&quot;:16777215},&quot;10&quot;:0,&quot;11&quot;:4,&quot;12&quot;:0,&quot;15&quot;:&quot;Montserrat&quot;}\">Grupo Hard nace del deseo de facilitar la vida de las personas a trav\u00e9s de la innovaci\u00f3n, por lo que este valor es la materia prima de todo lo que se hace en Hard. Porque sabemos que no podremos elevar el est\u00e1ndar constructivo y productivo de los pa\u00edses donde operamos con un solo producto com\u00fan m\u00e1s. Para cumplir nuestra misi\u00f3n y construir un nuevo ma\u00f1ana, necesitamos desafiarnos a nosotros mismos diariamente para innovar, para hacer las cosas de manera diferente.<br \/>\n<\/span><\/p>\n","protected":false},"excerpt":{"rendered":"Innovaci\u00f3n Grupo Hard nace del deseo de facilitar la vida de las personas a trav\u00e9s [&hellip;]","protected":false},"author":14,"featured_media":0,"parent":20527,"menu_order":8,"comment_status":"closed","ping_status":"closed","template":"page-our-pillars-intern.php","meta":{"_acf_changed":false,"footnotes":""},"class_list":["post-20684","page","type-page","status-publish","hentry"],"acf":[],"yoast_head":"<!-- This site is optimized with the Yoast SEO plugin v27.2 - https:\/\/yoast.com\/product\/yoast-seo-wordpress\/ -->\n<title>Innovaci\u00f3n | Grupo Hard<\/title>\n<meta name=\"description\" content=\"Grupo Hard nace del deseo de facilitar la vida de las personas a trav\u00e9s de la innovaci\u00f3n, por lo que este valor es la materia prima de todo lo que se hace en Hard.\" \/>\n<meta name=\"robots\" content=\"index, follow, max-snippet:-1, max-image-preview:large, max-video-preview:-1\" \/>\n<link rel=\"canonical\" href=\"https:\/\/www.hard.com.br\/es\/nuestros-pilares\/innovacion\/\" \/>\n<meta property=\"og:locale\" content=\"es_ES\" \/>\n<meta property=\"og:type\" content=\"article\" \/>\n<meta property=\"og:title\" content=\"Innovaci\u00f3n | Grupo Hard\" \/>\n<meta property=\"og:description\" content=\"Grupo Hard nace del deseo de facilitar la vida de las personas a trav\u00e9s de la innovaci\u00f3n, por lo que este valor es la materia prima de todo lo que se hace en Hard.\" \/>\n<meta property=\"og:url\" content=\"https:\/\/www.hard.com.br\/es\/nuestros-pilares\/innovacion\/\" \/>\n<meta property=\"og:site_name\" content=\"Grupo Hard\" \/>\n<meta property=\"article:modified_time\" content=\"2023-01-31T18:25:21+00:00\" \/>\n<meta name=\"twitter:card\" content=\"summary_large_image\" \/>\n<meta name=\"twitter:label1\" content=\"Tiempo de lectura\" \/>\n\t<meta name=\"twitter:data1\" content=\"1 minuto\" \/>\n<script type=\"application\/ld+json\" class=\"yoast-schema-graph\">{\"@context\":\"https:\/\/schema.org\",\"@graph\":[{\"@type\":\"WebPage\",\"@id\":\"https:\/\/www.hard.com.br\/es\/nuestros-pilares\/innovacion\/\",\"url\":\"https:\/\/www.hard.com.br\/es\/nuestros-pilares\/innovacion\/\",\"name\":\"Innovaci\u00f3n | Grupo Hard\",\"isPartOf\":{\"@id\":\"https:\/\/www.hard.com.br\/es\/#website\"},\"datePublished\":\"2022-02-23T12:48:39+00:00\",\"dateModified\":\"2023-01-31T18:25:21+00:00\",\"description\":\"Grupo Hard nace del deseo de facilitar la vida de las personas a trav\u00e9s de la innovaci\u00f3n, por lo que este valor es la materia prima de todo lo que se hace en Hard.\",\"breadcrumb\":{\"@id\":\"https:\/\/www.hard.com.br\/es\/nuestros-pilares\/innovacion\/#breadcrumb\"},\"inLanguage\":\"es\",\"potentialAction\":[{\"@type\":\"ReadAction\",\"target\":[\"https:\/\/www.hard.com.br\/es\/nuestros-pilares\/innovacion\/\"]}]},{\"@type\":\"BreadcrumbList\",\"@id\":\"https:\/\/www.hard.com.br\/es\/nuestros-pilares\/innovacion\/#breadcrumb\",\"itemListElement\":[{\"@type\":\"ListItem\",\"position\":1,\"name\":\"Home\",\"item\":\"https:\/\/www.hard.com.br\/es\/\"},{\"@type\":\"ListItem\",\"position\":2,\"name\":\"Nuestros pilares\",\"item\":\"https:\/\/www.hard.com.br\/es\/nuestros-pilares\/?lang=es\"},{\"@type\":\"ListItem\",\"position\":3,\"name\":\"Innovaci\u00f3n\"}]},{\"@type\":\"WebSite\",\"@id\":\"https:\/\/www.hard.com.br\/es\/#website\",\"url\":\"https:\/\/www.hard.com.br\/es\/\",\"name\":\"Grupo Hard\",\"description\":\"Desde 1985.\",\"potentialAction\":[{\"@type\":\"SearchAction\",\"target\":{\"@type\":\"EntryPoint\",\"urlTemplate\":\"https:\/\/www.hard.com.br\/es\/?s={search_term_string}\"},\"query-input\":{\"@type\":\"PropertyValueSpecification\",\"valueRequired\":true,\"valueName\":\"search_term_string\"}}],\"inLanguage\":\"es\"}]}<\/script>\n<!-- \/ Yoast SEO plugin. -->","yoast_head_json":{"title":"Innovaci\u00f3n | Grupo Hard","description":"Grupo Hard nace del deseo de facilitar la vida de las personas a trav\u00e9s de la innovaci\u00f3n, por lo que este valor es la materia prima de todo lo que se hace en Hard.","robots":{"index":"index","follow":"follow","max-snippet":"max-snippet:-1","max-image-preview":"max-image-preview:large","max-video-preview":"max-video-preview:-1"},"canonical":"https:\/\/www.hard.com.br\/es\/nuestros-pilares\/innovacion\/","og_locale":"es_ES","og_type":"article","og_title":"Innovaci\u00f3n | Grupo Hard","og_description":"Grupo Hard nace del deseo de facilitar la vida de las personas a trav\u00e9s de la innovaci\u00f3n, por lo que este valor es la materia prima de todo lo que se hace en Hard.","og_url":"https:\/\/www.hard.com.br\/es\/nuestros-pilares\/innovacion\/","og_site_name":"Grupo Hard","article_modified_time":"2023-01-31T18:25:21+00:00","twitter_card":"summary_large_image","twitter_misc":{"Tiempo de lectura":"1 minuto"},"schema":{"@context":"https:\/\/schema.org","@graph":[{"@type":"WebPage","@id":"https:\/\/www.hard.com.br\/es\/nuestros-pilares\/innovacion\/","url":"https:\/\/www.hard.com.br\/es\/nuestros-pilares\/innovacion\/","name":"Innovaci\u00f3n | Grupo Hard","isPartOf":{"@id":"https:\/\/www.hard.com.br\/es\/#website"},"datePublished":"2022-02-23T12:48:39+00:00","dateModified":"2023-01-31T18:25:21+00:00","description":"Grupo Hard nace del deseo de facilitar la vida de las personas a trav\u00e9s de la innovaci\u00f3n, por lo que este valor es la materia prima de todo lo que se hace en Hard.","breadcrumb":{"@id":"https:\/\/www.hard.com.br\/es\/nuestros-pilares\/innovacion\/#breadcrumb"},"inLanguage":"es","potentialAction":[{"@type":"ReadAction","target":["https:\/\/www.hard.com.br\/es\/nuestros-pilares\/innovacion\/"]}]},{"@type":"BreadcrumbList","@id":"https:\/\/www.hard.com.br\/es\/nuestros-pilares\/innovacion\/#breadcrumb","itemListElement":[{"@type":"ListItem","position":1,"name":"Home","item":"https:\/\/www.hard.com.br\/es\/"},{"@type":"ListItem","position":2,"name":"Nuestros pilares","item":"https:\/\/www.hard.com.br\/es\/nuestros-pilares\/?lang=es"},{"@type":"ListItem","position":3,"name":"Innovaci\u00f3n"}]},{"@type":"WebSite","@id":"https:\/\/www.hard.com.br\/es\/#website","url":"https:\/\/www.hard.com.br\/es\/","name":"Grupo Hard","description":"Desde 1985.","potentialAction":[{"@type":"SearchAction","target":{"@type":"EntryPoint","urlTemplate":"https:\/\/www.hard.com.br\/es\/?s={search_term_string}"},"query-input":{"@type":"PropertyValueSpecification","valueRequired":true,"valueName":"search_term_string"}}],"inLanguage":"es"}]}},"_links":{"self":[{"href":"https:\/\/www.hard.com.br\/es\/wp-json\/wp\/v2\/pages\/20684","targetHints":{"allow":["GET"]}}],"collection":[{"href":"https:\/\/www.hard.com.br\/es\/wp-json\/wp\/v2\/pages"}],"about":[{"href":"https:\/\/www.hard.com.br\/es\/wp-json\/wp\/v2\/types\/page"}],"author":[{"embeddable":true,"href":"https:\/\/www.hard.com.br\/es\/wp-json\/wp\/v2\/users\/14"}],"replies":[{"embeddable":true,"href":"https:\/\/www.hard.com.br\/es\/wp-json\/wp\/v2\/comments?post=20684"}],"version-history":[{"count":5,"href":"https:\/\/www.hard.com.br\/es\/wp-json\/wp\/v2\/pages\/20684\/revisions"}],"predecessor-version":[{"id":23373,"href":"https:\/\/www.hard.com.br\/es\/wp-json\/wp\/v2\/pages\/20684\/revisions\/23373"}],"up":[{"embeddable":true,"href":"https:\/\/www.hard.com.br\/es\/wp-json\/wp\/v2\/pages\/20527"}],"wp:attachment":[{"href":"https:\/\/www.hard.com.br\/es\/wp-json\/wp\/v2\/media?parent=20684"}],"curies":[{"name":"wp","href":"https:\/\/api.w.org\/{rel}","templated":true}]}}