{"id":22143,"date":"2022-01-25T13:56:02","date_gmt":"2022-01-25T16:56:02","guid":{"rendered":"https:\/\/www.hard.com.br\/politica-de-privacidade\/"},"modified":"2023-01-31T16:09:27","modified_gmt":"2023-01-31T19:09:27","slug":"politica-de-privacidad","status":"publish","type":"page","link":"https:\/\/www.hard.com.br\/es\/politica-de-privacidad\/","title":{"rendered":"Pol\u00edtica de privacidad\u00a0"},"content":{"rendered":"<p><span data-contrast=\"auto\">Para un HARD es esencial que los usuarios de nuestros entornos y servicios digitales (sitios, lojas, etc.) transiten con tranquilidad y sepan que su privacidad es una de nuestras preocupaciones. Para tanto, disponibilizamos este documento denominado Pol\u00edtica de Privacidad que informa sobre c\u00f3mo tratamos seus dados pessoais.<\/span><span data-ccp-props=\"{&quot;201341983&quot;:0,&quot;335559739&quot;:160,&quot;335559740&quot;:259}\">&nbsp;<\/span><\/p>\n<p><span data-contrast=\"auto\">\u00c9 muy importante que voc\u00ea leia e comprenda. Em caso de qualquer d\u00favida nos contate.<\/span><span data-ccp-props=\"{&quot;201341983&quot;:0,&quot;335559739&quot;:160,&quot;335559740&quot;:259}\">&nbsp;<\/span><\/p>\n<p><span data-ccp-props=\"{&quot;201341983&quot;:0,&quot;335559739&quot;:160,&quot;335559740&quot;:259}\">&nbsp;<\/span><\/p>\n<ol>\n<li><b><span data-contrast=\"auto\"> Definiciones<\/span><\/b><\/li>\n<\/ol>\n<p><span data-contrast=\"auto\">A los efectos de esta Pol\u00edtica de privacidad, se aplican las siguientes definiciones:<\/span><span data-ccp-props=\"{&quot;201341983&quot;:0,&quot;335559739&quot;:160,&quot;335559740&quot;:259}\">&nbsp;<\/span><\/p>\n<p><span data-contrast=\"auto\">Hard Produtos Para Constru\u00e7\u00e3o LTDA: Nombre utilizado en este documento para identificar a la empresa matriz y propietaria de este Portal, Hard Produtos Para Constru\u00e7\u00e3o LTDA, registrada bajo CNPJ n\u00ba 06.867.848\/0001-07, con sede en la ciudad de Joinville \u2013 SC, Rua Dr. Humberto Pinheiro Vieira, 150 Lote 1B Zona Industrial Norte \u2013 CEP: 89.219-570.<\/span><span data-ccp-props=\"{&quot;201341983&quot;:0,&quot;335559739&quot;:160,&quot;335559740&quot;:259}\">&nbsp;<\/span><\/p>\n<p><span data-contrast=\"auto\">Cookies: Archivos enviados por el servidor del Portal al ordenador de los Visitantes, con la finalidad de identificar el ordenador y obtener datos de acceso, como p\u00e1ginas visitadas o enlaces clicados, permitiendo as\u00ed personalizar la navegaci\u00f3n de los Visitantes en el Portal, de acuerdo con su perfil.<\/span><span data-ccp-props=\"{&quot;201341983&quot;:0,&quot;335559739&quot;:160,&quot;335559740&quot;:259}\">&nbsp;<\/span><\/p>\n<p><span data-contrast=\"auto\">IP: Abreviatura de Protocolo de Internet. Es un conjunto de n\u00fameros que identifica la computadora de los Visitantes en Internet.<\/span><span data-ccp-props=\"{&quot;201341983&quot;:0,&quot;335559739&quot;:160,&quot;335559740&quot;:259}\">&nbsp;<\/span><\/p>\n<p><span data-contrast=\"auto\">Registros: registros de las actividades de los visitantes realizadas en el Portal.<\/span><span data-ccp-props=\"{&quot;201341983&quot;:0,&quot;335559739&quot;:160,&quot;335559740&quot;:259}\">&nbsp;<\/span><\/p>\n<p><span data-contrast=\"auto\">Portal: Designa la direcci\u00f3n electr\u00f3nica http:\/\/www.comlines.com.br sus subdominios.<\/span><span data-ccp-props=\"{&quot;201341983&quot;:0,&quot;335559739&quot;:160,&quot;335559740&quot;:259}\">&nbsp;<\/span><\/p>\n<p><span data-contrast=\"auto\">Visitante: Cualquier persona que navega por el Portal.<\/span><span data-ccp-props=\"{&quot;201341983&quot;:0,&quot;335559739&quot;:160,&quot;335559740&quot;:259}\">&nbsp;<\/span><\/p>\n<p><span data-contrast=\"auto\">Usuario: Visitantes que se encuentran autenticados en el sistema del Portal.<\/span><span data-ccp-props=\"{&quot;201341983&quot;:0,&quot;335559739&quot;:160,&quot;335559740&quot;:259}\">&nbsp;<\/span><\/p>\n<p><span data-contrast=\"auto\">Web beacons: L\u00edneas de programaci\u00f3n en p\u00e1ginas HTML cuyo prop\u00f3sito es obtener detalles de la navegaci\u00f3n del usuario, como cu\u00e1nto tiempo estuvo abierto el sitio, qu\u00e9 direcci\u00f3n visit\u00f3 luego, entre otros.<\/span><span data-ccp-props=\"{&quot;201341983&quot;:0,&quot;335559739&quot;:160,&quot;335559740&quot;:259}\">&nbsp;<\/span><\/p>\n<p><span data-ccp-props=\"{&quot;201341983&quot;:0,&quot;335559739&quot;:160,&quot;335559740&quot;:259}\">&nbsp;<\/span><\/p>\n<p><b><span data-contrast=\"auto\">2 &#8211; Obtenci\u00f3n de datos e informaci\u00f3n<\/span><\/b><span data-ccp-props=\"{&quot;201341983&quot;:0,&quot;335559739&quot;:160,&quot;335559740&quot;:259}\">&nbsp;<\/span><\/p>\n<p><span data-contrast=\"auto\">2.1 \u2013 Los datos e informaci\u00f3n se obtendr\u00e1n cuando los Visitantes interact\u00faen con las diversas funcionalidades existentes en el Portal, proporcionando la informaci\u00f3n voluntariamente, como en la secci\u00f3n \u201cCentro de Servicios\u201d por ejemplo.<\/span><span data-ccp-props=\"{&quot;201341983&quot;:0,&quot;335559739&quot;:160,&quot;335559740&quot;:259}\">&nbsp;<\/span><\/p>\n<p><span data-ccp-props=\"{&quot;201341983&quot;:0,&quot;335559739&quot;:160,&quot;335559740&quot;:259}\">&nbsp;<\/span><\/p>\n<p><b><span data-contrast=\"auto\">3 &#8211; Almacenamiento de datos e informaci\u00f3n<\/span><\/b><span data-ccp-props=\"{&quot;201341983&quot;:0,&quot;335559739&quot;:160,&quot;335559740&quot;:259}\">&nbsp;<\/span><\/p>\n<p><span data-contrast=\"auto\">3.1 \u2013 Todos los datos e informaciones recolectadas de los Visitantes ser\u00e1n incorporados a la base de datos del Portal, siendo Hard Produtos Para Constru\u00e7\u00e3o LTDA responsable por ello.<\/span><span data-ccp-props=\"{&quot;201341983&quot;:0,&quot;335559739&quot;:160,&quot;335559740&quot;:259}\">&nbsp;<\/span><\/p>\n<p><span data-contrast=\"auto\">3.2 \u2013 Los datos e informaciones recolectados ser\u00e1n almacenados en ambiente seguro, observando el estado de la t\u00e9cnica disponible, y s\u00f3lo podr\u00e1n ser accedidos por personas calificadas y autorizadas por Hard Produtos Para Constru\u00e7\u00e3o LTDA.<\/span><span data-ccp-props=\"{&quot;201341983&quot;:0,&quot;335559739&quot;:160,&quot;335559740&quot;:259}\">&nbsp;<\/span><\/p>\n<p><span data-contrast=\"auto\">3.3 &#8211; Teniendo en cuenta que ning\u00fan sistema de seguridad es absolutamente seguro, Hard Produtos Para Constru\u00e7\u00e3o LTDA se exime de cualquier responsabilidad por da\u00f1os y\/o p\u00e9rdidas resultantes de fallas, virus o invasiones de la base de datos del Portal, excepto en los casos de dolo o culpa.<\/span><span data-ccp-props=\"{&quot;201341983&quot;:0,&quot;335559739&quot;:160,&quot;335559740&quot;:259}\">&nbsp;<\/span><\/p>\n<p><span data-contrast=\"auto\">3.4 \u2013 Hard Produtos Para Constru\u00e7\u00e3o LTDA recolecta s\u00f3lo las informaciones esenciales para la viabilidad de su negocio, o sea, construcci\u00f3n civil, industria y reventa.<\/span><span data-ccp-props=\"{&quot;201341983&quot;:0,&quot;335559739&quot;:160,&quot;335559740&quot;:259}\">&nbsp;<\/span><\/p>\n<p><span data-ccp-props=\"{&quot;201341983&quot;:0,&quot;335559739&quot;:160,&quot;335559740&quot;:259}\">&nbsp;<\/span><\/p>\n<p><b><span data-contrast=\"auto\">4 &#8211; Uso de Datos e Informaci\u00f3n<\/span><\/b><span data-ccp-props=\"{&quot;201341983&quot;:0,&quot;335559739&quot;:160,&quot;335559740&quot;:259}\">&nbsp;<\/span><\/p>\n<p><span data-contrast=\"auto\">4.1 \u2013 Los datos e informaci\u00f3n recabados de los Visitantes podr\u00e1n ser utilizados para los siguientes fines:<\/span><span data-ccp-props=\"{&quot;201341983&quot;:0,&quot;335559739&quot;:160,&quot;335559740&quot;:259}\">&nbsp;<\/span><\/p>\n<ol>\n<li><span data-contrast=\"auto\">a) Responder a cualquier consulta y solicitud de los Visitantes;<\/span><\/li>\n<li><span data-contrast=\"auto\">b) Cumplimiento de una orden legal o judicial;<\/span><\/li>\n<li><span data-contrast=\"auto\">c) Constituir, defender o ejercitar peri\u00f3dicamente derechos judiciales o administrativos;<\/span><\/li>\n<li><span data-contrast=\"auto\">d) Elaborar estad\u00edsticas generales para identificar el perfil de los Visitantes y desarrollar campa\u00f1as para Hard Produtos Para Constru\u00e7\u00e3o LTDA, pero sin realizar identificaci\u00f3n personal;<\/span><\/li>\n<li><span data-contrast=\"auto\">e) Velar por la seguridad de los Visitantes;<\/span><\/li>\n<li><span data-contrast=\"auto\">f) Mantener actualizados los registros de Visitantes para efectos de contacto por tel\u00e9fono, correo electr\u00f3nico, SMS, correo directo u otros medios de comunicaci\u00f3n;<\/span><\/li>\n<li><span data-contrast=\"auto\">g) Informar sobre novedades, promociones y eventos de Hard Produtos Para Constru\u00e7\u00e3o LTDA y sus socios comerciales.<\/span><\/li>\n<\/ol>\n<p><span data-contrast=\"auto\">4.2 \u2013 La base de datos recopilada por Portal Hard Produtos Para Constru\u00e7\u00e3o LTDA no ser\u00e1 compartida, vendida, cedida, transferida, informada o alquilada a terceros.<\/span><span data-ccp-props=\"{&quot;201341983&quot;:0,&quot;335559739&quot;:160,&quot;335559740&quot;:259}\">&nbsp;<\/span><\/p>\n<p><span data-contrast=\"auto\">4.3 \u2013 Los datos adquiridos s\u00f3lo podr\u00e1n ser accedidos por profesionales debidamente autorizados por Hard Produtos Para Constru\u00e7\u00e3o LTDA, respetando la necesidad a que ser\u00e1n sometidos, la pertinencia a los fines del Portal y los intereses de los usuarios, adem\u00e1s de preservar la privacidad de usuarios<\/span><span data-ccp-props=\"{&quot;201341983&quot;:0,&quot;335559739&quot;:160,&quot;335559740&quot;:259}\">&nbsp;<\/span><\/p>\n<p><span data-contrast=\"auto\">4.4 &#8211; En caso de que el Usuario no utilice los servicios ofrecidos por el Portal, Hard Produtos Para Constru\u00e7\u00e3o LTDA podr\u00e1, con fines de auditor\u00eda y preservaci\u00f3n de derechos, mantener el registro de sus datos e informaciones, por un per\u00edodo m\u00e1ximo de 5 (cinco) d\u00edas. a\u00f1os, con la facultad de excluirlos definitivamente seg\u00fan su conveniencia.<\/span><span data-ccp-props=\"{&quot;201341983&quot;:0,&quot;335559739&quot;:160,&quot;335559740&quot;:259}\">&nbsp;<\/span><\/p>\n<p><span data-ccp-props=\"{&quot;201341983&quot;:0,&quot;335559739&quot;:160,&quot;335559740&quot;:259}\">&nbsp;<\/span><\/p>\n<p><b><span data-contrast=\"auto\">5 &#8211; Del Registro de Actividad<\/span><\/b><span data-ccp-props=\"{&quot;201341983&quot;:0,&quot;335559739&quot;:160,&quot;335559740&quot;:259}\">&nbsp;<\/span><\/p>\n<p><span data-contrast=\"auto\">5.1 \u2013 Hard Produtos Para Constru\u00e7\u00e3o LTDA registrar\u00e1 todas las actividades realizadas por los Visitantes en el Portal, a trav\u00e9s de registros, incluyendo:<\/span><span data-ccp-props=\"{&quot;201341983&quot;:0,&quot;335559739&quot;:160,&quot;335559740&quot;:259}\">&nbsp;<\/span><\/p>\n<ol>\n<li><span data-contrast=\"auto\">a) Direcci\u00f3n IP de los Visitantes;<\/span><\/li>\n<li><span data-contrast=\"auto\">b) Acciones realizadas por los Visitantes en el Portal;<\/span><\/li>\n<li><span data-contrast=\"auto\">c) P\u00e1ginas a las que acceden los Visitantes;<\/span><\/li>\n<li><span data-contrast=\"auto\">d) Fechas y horas de cada acci\u00f3n y acceso a cada p\u00e1gina del Portal;<\/span><\/li>\n<li><span data-contrast=\"auto\">e) ID de sesi\u00f3n de los<\/span><\/li>\n<\/ol>\n<p><span data-contrast=\"auto\">5.2 \u2013 Los registros mencionados en el \u00edtem 5.1 podr\u00e1n ser utilizados por Hard Produtos Para Constru\u00e7\u00e3o LTDA en casos de investigaci\u00f3n de fraude o alteraciones indebidas a sus sistemas y registros.<\/span><span data-ccp-props=\"{&quot;201341983&quot;:0,&quot;335559739&quot;:160,&quot;335559740&quot;:259}\">&nbsp;<\/span><\/p>\n<p><span data-ccp-props=\"{&quot;201341983&quot;:0,&quot;335559739&quot;:160,&quot;335559740&quot;:259}\">&nbsp;<\/span><\/p>\n<p><b><span data-contrast=\"auto\">6 \u2013 Galletas<\/span><\/b><span data-ccp-props=\"{&quot;201341983&quot;:0,&quot;335559739&quot;:160,&quot;335559740&quot;:259}\">&nbsp;<\/span><\/p>\n<p><span data-contrast=\"auto\">6.1 \u2013 El Portal puede utilizar cookies, y corresponde a los Visitantes configurar su navegador de Internet si desea bloquearlas. En este caso, algunas funcionalidades del Portal pueden verse limitadas.<\/span><span data-ccp-props=\"{&quot;201341983&quot;:0,&quot;335559739&quot;:160,&quot;335559740&quot;:259}\">&nbsp;<\/span><\/p>\n<p><span data-contrast=\"auto\">6.2. Asimismo, el Portal podr\u00e1 utilizar web beacons para recoger datos sobre el comportamiento de los visitantes de las p\u00e1ginas, no siendo necesaria la instalaci\u00f3n de archivos en los equipos de los visitantes.<\/span><span data-ccp-props=\"{&quot;201341983&quot;:0,&quot;335559739&quot;:160,&quot;335559740&quot;:259}\">&nbsp;<\/span><\/p>\n<p><span data-contrast=\"auto\">6.3. Se pueden utilizar otras tecnolog\u00edas para obtener datos de navegaci\u00f3n del usuario, sin embargo, siempre se respetar\u00e1n los t\u00e9rminos de esta pol\u00edtica y las opciones del usuario con respecto a su recolecci\u00f3n y almacenamiento.<\/span><span data-ccp-props=\"{&quot;201341983&quot;:0,&quot;335559739&quot;:160,&quot;335559740&quot;:259}\">&nbsp;<\/span><\/p>\n<p><span data-ccp-props=\"{&quot;201341983&quot;:0,&quot;335559739&quot;:160,&quot;335559740&quot;:259}\">&nbsp;<\/span><\/p>\n<p><b><span data-contrast=\"auto\">7 &#8211; Disposiciones generales<\/span><\/b><span data-ccp-props=\"{&quot;201341983&quot;:0,&quot;335559739&quot;:160,&quot;335559740&quot;:259}\">&nbsp;<\/span><\/p>\n<p><span data-contrast=\"auto\">7.1 \u2013 Las disposiciones contenidas en esta Pol\u00edtica de Privacidad podr\u00e1n ser actualizadas o modificadas en cualquier momento, correspondiendo a los Visitantes verificarla cada vez que accedan al Portal.<\/span><span data-ccp-props=\"{&quot;201341983&quot;:0,&quot;335559739&quot;:160,&quot;335559740&quot;:259}\">&nbsp;<\/span><\/p>\n<p><span data-contrast=\"auto\">7.2 \u2013 Los visitantes deben contactar en caso de cualquier duda respecto a las disposiciones contenidas en esta Pol\u00edtica de Privacidad a trav\u00e9s de la Secci\u00f3n \u201cCentro de Atenci\u00f3n\u201d.<\/span><span data-ccp-props=\"{&quot;201341983&quot;:0,&quot;335559739&quot;:160,&quot;335559740&quot;:259}\">&nbsp;<\/span><\/p>\n<p><span data-contrast=\"auto\">7.3 \u2013 Al colocar informaci\u00f3n en un \u00e1rea p\u00fablica del Portal Hard Com\u00e9rcio de Fixadores e Resins LTDA, el usuario es consciente de que estar\u00e1 disponible para otros Visitantes y Usuarios del sitio.<\/span><span data-ccp-props=\"{&quot;201341983&quot;:0,&quot;335559739&quot;:160,&quot;335559740&quot;:259}\">&nbsp;<\/span><\/p>\n<p><span data-contrast=\"auto\">7.4 \u2013 Hard Produtos Para Constru\u00e7\u00e3o LTDA no puede controlar lo que hacen los Visitantes y Usuarios de la informaci\u00f3n publicada en el sitio. Tenga en cuenta que cualquier informaci\u00f3n divulgada en estas \u00e1reas puede convertirse en informaci\u00f3n p\u00fablica y, por lo tanto, la precauci\u00f3n y el sentido com\u00fan son importantes al publicar cualquier contenido.<\/span><span data-ccp-props=\"{&quot;201341983&quot;:0,&quot;335559739&quot;:160,&quot;335559740&quot;:259}\">&nbsp;<\/span><\/p>\n<p><span data-ccp-props=\"{&quot;201341983&quot;:0,&quot;335559739&quot;:160,&quot;335559740&quot;:259}\">&nbsp;<\/span><\/p>\n<p><b><span data-contrast=\"auto\">8 &#8211; Ley aplicable y jurisdicci\u00f3n<\/span><\/b><span data-ccp-props=\"{&quot;201341983&quot;:0,&quot;335559739&quot;:160,&quot;335559740&quot;:259}\">&nbsp;<\/span><\/p>\n<p><span data-contrast=\"auto\">8.1 \u2013 Esta Pol\u00edtica de Privacidad ser\u00e1 interpretada de conformidad con la legislaci\u00f3n brasile\u00f1a, en lengua portuguesa, y el Tribunal de Distrito de Joinville en el estado de Santa Catarina ser\u00e1 elegido para resolver cualquier disputa, cuesti\u00f3n o duda sobrevenida, con renuncia expresa a cualquier otro , por privilegiado que sea.<\/span><span data-ccp-props=\"{&quot;201341983&quot;:0,&quot;335559739&quot;:160,&quot;335559740&quot;:259}\">&nbsp;<\/span><\/p>\n<p><span data-ccp-props=\"{&quot;201341983&quot;:0,&quot;335559739&quot;:160,&quot;335559740&quot;:259}\">&nbsp;<\/span><\/p>\n<ol start=\"9\">\n<li><b><span data-contrast=\"auto\"> Menores<\/span><\/b><\/li>\n<\/ol>\n<p><span data-contrast=\"auto\">Las personas menores de 18 a\u00f1os no pueden registrarse en nuestro sitio web y proporcionar ning\u00fan PII. Si sus hijos revelan informaci\u00f3n sobre ellos mismos, pueden recibir mensajes no solicitados de otros usuarios. En consecuencia, los padres deben monitorear y ser responsables del acceso de sus hijos a este sitio web y deben solicitarnos que eliminemos su suscripci\u00f3n.<\/span><span data-ccp-props=\"{&quot;201341983&quot;:0,&quot;335559739&quot;:160,&quot;335559740&quot;:259}\">&nbsp;<\/span><\/p>\n<p><span data-ccp-props=\"{&quot;201341983&quot;:0,&quot;335559739&quot;:160,&quot;335559740&quot;:259}\">&nbsp;<\/span><\/p>\n<ol start=\"10\">\n<li><b><span data-contrast=\"auto\"> Cambios a esta Pol\u00edtica<\/span><\/b><\/li>\n<\/ol>\n<p><span data-contrast=\"auto\">10.1 Si decidimos cambiar esta Pol\u00edtica, publicaremos la Pol\u00edtica de privacidad modificada en este sitio web para informar a los usuarios de los cambios para que siempre est\u00e9n al tanto de qu\u00e9 informaci\u00f3n recopilamos, c\u00f3mo la usamos y cu\u00e1ndo podemos divulgarla. .<\/span><span data-ccp-props=\"{&quot;201341983&quot;:0,&quot;335559739&quot;:160,&quot;335559740&quot;:259}\">&nbsp;<\/span><\/p>\n<p><span data-contrast=\"auto\">10.2 Nos reservamos el derecho de modificar esta Pol\u00edtica de Privacidad en cualquier momento; por lo tanto, le pedimos que lo revise con frecuencia. Los usuarios est\u00e1n sujetos a cualquier modificaci\u00f3n menor a esta Pol\u00edtica. Si hay un cambio significativo, lo indicaremos en nuestro sitio web y proporcionaremos un enlace a la nueva Pol\u00edtica.<\/span><span data-ccp-props=\"{&quot;201341983&quot;:0,&quot;335559739&quot;:160,&quot;335559740&quot;:259}\">&nbsp;<\/span><\/p>\n<ol start=\"11\">\n<li><b><span data-contrast=\"auto\"> Cont\u00e1ctenos<\/span><\/b><\/li>\n<\/ol>\n<p><span data-contrast=\"auto\">Si tiene alguna pregunta sobre nuestra Pol\u00edtica, comun\u00edquese con nosotros de la siguiente manera:<\/span><span data-ccp-props=\"{&quot;201341983&quot;:0,&quot;335559739&quot;:160,&quot;335559740&quot;:259}\">&nbsp;<\/span><\/p>\n<p><span data-contrast=\"auto\">Productos duros para la construcci\u00f3n LTD<\/span><span data-ccp-props=\"{&quot;201341983&quot;:0,&quot;335559739&quot;:160,&quot;335559740&quot;:259}\">&nbsp;<\/span><\/p>\n<p><span data-contrast=\"auto\">CNPJ: 06.867.848\/0001-07<\/span><span data-ccp-props=\"{&quot;201341983&quot;:0,&quot;335559739&quot;:160,&quot;335559740&quot;:259}\">&nbsp;<\/span><\/p>\n<p><span data-contrast=\"auto\">ES: 254.811.000<\/span><span data-ccp-props=\"{&quot;201341983&quot;:0,&quot;335559739&quot;:160,&quot;335559740&quot;:259}\">&nbsp;<\/span><\/p>\n<p><span data-contrast=\"auto\">Direcci\u00f3n: Calle Dra. Humberto Pinheiro Vieira, 150 Lote 1B.<\/span><span data-ccp-props=\"{&quot;201341983&quot;:0,&quot;335559739&quot;:160,&quot;335559740&quot;:259}\">&nbsp;<\/span><\/p>\n<p><span data-contrast=\"auto\">Zona Industrial Norte &#8211; CEP: 89.219-570 Joinville\/SC<\/span><span data-ccp-props=\"{&quot;201341983&quot;:0,&quot;335559739&quot;:160,&quot;335559740&quot;:259}\">&nbsp;<\/span><\/p>\n<p><span data-contrast=\"auto\">Tel\u00e9fono: (47) 4009-7209<\/span><span data-ccp-props=\"{&quot;201341983&quot;:0,&quot;335559739&quot;:160,&quot;335559740&quot;:259}\">&nbsp;<\/span><\/p>\n<p><span data-contrast=\"auto\">Fax: (47) 4009-7217<\/span><span data-ccp-props=\"{&quot;201341983&quot;:0,&quot;335559739&quot;:160,&quot;335559740&quot;:259}\">&nbsp;<\/span><\/p>\n<p><span data-contrast=\"auto\">Actualizaci\u00f3n: 24\/03\/2022<\/span><span data-ccp-props=\"{&quot;201341983&quot;:0,&quot;335559739&quot;:160,&quot;335559740&quot;:259}\">&nbsp;<\/span><\/p>\n<p><span data-contrast=\"auto\">Hard Produtos Para Constru\u00e7\u00e3o LTDA<\/span><span data-ccp-props=\"{&quot;201341983&quot;:0,&quot;335559739&quot;:160,&quot;335559740&quot;:259}\">&nbsp;<\/span><\/p>\n","protected":false},"excerpt":{"rendered":"Para un HARD es esencial que los usuarios de nuestros entornos y servicios digitales (sitios, [&hellip;]","protected":false},"author":14,"featured_media":0,"parent":0,"menu_order":35,"comment_status":"closed","ping_status":"closed","template":"page-policy.php","meta":{"_acf_changed":false,"footnotes":""},"class_list":["post-22143","page","type-page","status-publish","hentry"],"acf":[],"yoast_head":"<!-- This site is optimized with the Yoast SEO plugin v27.2 - https:\/\/yoast.com\/product\/yoast-seo-wordpress\/ -->\n<title>Pol\u00edtica de privacidad\u00a0 | Grupo Hard<\/title>\n<meta name=\"description\" content=\"Para un HARD es esencial que los usuarios de nuestros entornos y servicios digitales (sitios, lojas, etc.) transiten con tranquilidad y sepan que su privacidad es una de nuestras preocupaciones.\" \/>\n<meta name=\"robots\" content=\"index, follow, max-snippet:-1, max-image-preview:large, max-video-preview:-1\" \/>\n<link rel=\"canonical\" href=\"https:\/\/www.hard.com.br\/es\/politica-de-privacidad\/\" \/>\n<meta property=\"og:locale\" content=\"es_ES\" \/>\n<meta property=\"og:type\" content=\"article\" \/>\n<meta property=\"og:title\" content=\"Pol\u00edtica de privacidad\u00a0 | Grupo Hard\" \/>\n<meta property=\"og:description\" content=\"Para un HARD es esencial que los usuarios de nuestros entornos y servicios digitales (sitios, lojas, etc.) transiten con tranquilidad y sepan que su privacidad es una de nuestras preocupaciones.\" \/>\n<meta property=\"og:url\" content=\"https:\/\/www.hard.com.br\/es\/politica-de-privacidad\/\" \/>\n<meta property=\"og:site_name\" content=\"Grupo Hard\" \/>\n<meta property=\"article:modified_time\" content=\"2023-01-31T19:09:27+00:00\" \/>\n<meta name=\"twitter:card\" content=\"summary_large_image\" \/>\n<meta name=\"twitter:label1\" content=\"Tiempo de lectura\" \/>\n\t<meta name=\"twitter:data1\" content=\"2 minutos\" \/>\n<script type=\"application\/ld+json\" class=\"yoast-schema-graph\">{\"@context\":\"https:\/\/schema.org\",\"@graph\":[{\"@type\":\"WebPage\",\"@id\":\"https:\/\/www.hard.com.br\/es\/politica-de-privacidad\/\",\"url\":\"https:\/\/www.hard.com.br\/es\/politica-de-privacidad\/\",\"name\":\"Pol\u00edtica de privacidad\u00a0 | Grupo Hard\",\"isPartOf\":{\"@id\":\"https:\/\/www.hard.com.br\/es\/#website\"},\"datePublished\":\"2022-01-25T16:56:02+00:00\",\"dateModified\":\"2023-01-31T19:09:27+00:00\",\"description\":\"Para un HARD es esencial que los usuarios de nuestros entornos y servicios digitales (sitios, lojas, etc.) transiten con tranquilidad y sepan que su privacidad es una de nuestras preocupaciones.\",\"breadcrumb\":{\"@id\":\"https:\/\/www.hard.com.br\/es\/politica-de-privacidad\/#breadcrumb\"},\"inLanguage\":\"es\",\"potentialAction\":[{\"@type\":\"ReadAction\",\"target\":[\"https:\/\/www.hard.com.br\/es\/politica-de-privacidad\/\"]}]},{\"@type\":\"BreadcrumbList\",\"@id\":\"https:\/\/www.hard.com.br\/es\/politica-de-privacidad\/#breadcrumb\",\"itemListElement\":[{\"@type\":\"ListItem\",\"position\":1,\"name\":\"Home\",\"item\":\"https:\/\/www.hard.com.br\/es\/\"},{\"@type\":\"ListItem\",\"position\":2,\"name\":\"Pol\u00edtica de privacidad\u00a0\"}]},{\"@type\":\"WebSite\",\"@id\":\"https:\/\/www.hard.com.br\/es\/#website\",\"url\":\"https:\/\/www.hard.com.br\/es\/\",\"name\":\"Grupo Hard\",\"description\":\"Desde 1985.\",\"potentialAction\":[{\"@type\":\"SearchAction\",\"target\":{\"@type\":\"EntryPoint\",\"urlTemplate\":\"https:\/\/www.hard.com.br\/es\/?s={search_term_string}\"},\"query-input\":{\"@type\":\"PropertyValueSpecification\",\"valueRequired\":true,\"valueName\":\"search_term_string\"}}],\"inLanguage\":\"es\"}]}<\/script>\n<!-- \/ Yoast SEO plugin. -->","yoast_head_json":{"title":"Pol\u00edtica de privacidad\u00a0 | Grupo Hard","description":"Para un HARD es esencial que los usuarios de nuestros entornos y servicios digitales (sitios, lojas, etc.) transiten con tranquilidad y sepan que su privacidad es una de nuestras preocupaciones.","robots":{"index":"index","follow":"follow","max-snippet":"max-snippet:-1","max-image-preview":"max-image-preview:large","max-video-preview":"max-video-preview:-1"},"canonical":"https:\/\/www.hard.com.br\/es\/politica-de-privacidad\/","og_locale":"es_ES","og_type":"article","og_title":"Pol\u00edtica de privacidad\u00a0 | Grupo Hard","og_description":"Para un HARD es esencial que los usuarios de nuestros entornos y servicios digitales (sitios, lojas, etc.) transiten con tranquilidad y sepan que su privacidad es una de nuestras preocupaciones.","og_url":"https:\/\/www.hard.com.br\/es\/politica-de-privacidad\/","og_site_name":"Grupo Hard","article_modified_time":"2023-01-31T19:09:27+00:00","twitter_card":"summary_large_image","twitter_misc":{"Tiempo de lectura":"2 minutos"},"schema":{"@context":"https:\/\/schema.org","@graph":[{"@type":"WebPage","@id":"https:\/\/www.hard.com.br\/es\/politica-de-privacidad\/","url":"https:\/\/www.hard.com.br\/es\/politica-de-privacidad\/","name":"Pol\u00edtica de privacidad\u00a0 | Grupo Hard","isPartOf":{"@id":"https:\/\/www.hard.com.br\/es\/#website"},"datePublished":"2022-01-25T16:56:02+00:00","dateModified":"2023-01-31T19:09:27+00:00","description":"Para un HARD es esencial que los usuarios de nuestros entornos y servicios digitales (sitios, lojas, etc.) transiten con tranquilidad y sepan que su privacidad es una de nuestras preocupaciones.","breadcrumb":{"@id":"https:\/\/www.hard.com.br\/es\/politica-de-privacidad\/#breadcrumb"},"inLanguage":"es","potentialAction":[{"@type":"ReadAction","target":["https:\/\/www.hard.com.br\/es\/politica-de-privacidad\/"]}]},{"@type":"BreadcrumbList","@id":"https:\/\/www.hard.com.br\/es\/politica-de-privacidad\/#breadcrumb","itemListElement":[{"@type":"ListItem","position":1,"name":"Home","item":"https:\/\/www.hard.com.br\/es\/"},{"@type":"ListItem","position":2,"name":"Pol\u00edtica de privacidad\u00a0"}]},{"@type":"WebSite","@id":"https:\/\/www.hard.com.br\/es\/#website","url":"https:\/\/www.hard.com.br\/es\/","name":"Grupo Hard","description":"Desde 1985.","potentialAction":[{"@type":"SearchAction","target":{"@type":"EntryPoint","urlTemplate":"https:\/\/www.hard.com.br\/es\/?s={search_term_string}"},"query-input":{"@type":"PropertyValueSpecification","valueRequired":true,"valueName":"search_term_string"}}],"inLanguage":"es"}]}},"_links":{"self":[{"href":"https:\/\/www.hard.com.br\/es\/wp-json\/wp\/v2\/pages\/22143","targetHints":{"allow":["GET"]}}],"collection":[{"href":"https:\/\/www.hard.com.br\/es\/wp-json\/wp\/v2\/pages"}],"about":[{"href":"https:\/\/www.hard.com.br\/es\/wp-json\/wp\/v2\/types\/page"}],"author":[{"embeddable":true,"href":"https:\/\/www.hard.com.br\/es\/wp-json\/wp\/v2\/users\/14"}],"replies":[{"embeddable":true,"href":"https:\/\/www.hard.com.br\/es\/wp-json\/wp\/v2\/comments?post=22143"}],"version-history":[{"count":2,"href":"https:\/\/www.hard.com.br\/es\/wp-json\/wp\/v2\/pages\/22143\/revisions"}],"predecessor-version":[{"id":23925,"href":"https:\/\/www.hard.com.br\/es\/wp-json\/wp\/v2\/pages\/22143\/revisions\/23925"}],"wp:attachment":[{"href":"https:\/\/www.hard.com.br\/es\/wp-json\/wp\/v2\/media?parent=22143"}],"curies":[{"name":"wp","href":"https:\/\/api.w.org\/{rel}","templated":true}]}}