{"id":22171,"date":"2022-02-03T01:07:51","date_gmt":"2022-02-03T04:07:51","guid":{"rendered":"https:\/\/www.hard.com.br\/politica-de-cookies\/"},"modified":"2023-01-30T16:34:32","modified_gmt":"2023-01-30T19:34:32","slug":"politica-de-cookies","status":"publish","type":"page","link":"https:\/\/www.hard.com.br\/es\/politica-de-cookies\/","title":{"rendered":"Pol\u00edtica de Cookies"},"content":{"rendered":"\n<p><strong>1. Acerca del grupo Hard<\/strong>&nbsp;<\/p>\n\n\n\n<p>El Grupo Hard act\u00faa para elevar el est\u00e1ndar constructivo y productivo de los pa\u00edses, por lo que se compromete a llevar soluciones innovadoras y especializadas al cliente, asegurando as\u00ed los mejores resultados. De esta forma, tenemos el mismo compromiso en nuestros servicios Online y queremos garantizar la total seguridad de tus datos. Esta Pol\u00edtica de Privacidad tiene como objetivo informar el procesamiento de datos personales de nuestros clientes, de conformidad con la legislaci\u00f3n brasile\u00f1a sobre protecci\u00f3n de datos personales, especialmente a la Ley N\u00b0 13.709, de 14 de agosto de 2018, y sus modificaciones (Ley General de Protecci\u00f3n de Datos Personales). \u2013 \u201cLGPD\u201d).&nbsp;<\/p>\n\n\n\n<p><strong>2. Definiciones<\/strong>&nbsp;<\/p>\n\n\n\n<p>(a) \u00abCliente\u00bb y\/o \u00abUsted\u00bb: persona f\u00edsica o jur\u00eddica que utiliza el Sitio y los servicios&nbsp;<\/p>\n\n\n\n<p>proporcionado por Hard;&nbsp;<\/p>\n\n\n\n<p>(b) \u201cConsentimiento\u201d \u2013 consentimiento libre, informado e inequ\u00edvoco (que no deje lugar a dudas) por el cual el Cliente acepta el tratamiento de sus datos personales para una Finalidad previamente estipulada. Despu\u00e9s del consentimiento, \u00e9ste puede revocarlo en cualquier momento. No obstante, destacamos que la revocaci\u00f3n del consentimiento no puede invalidar el tratamiento previamente realizado;&nbsp;<\/p>\n\n\n\n<p>(c) \u201cDatos Personales\u201d \u2013 informaci\u00f3n relativa a una persona f\u00edsica ya identificada, o con el potencial de hacerla identificable;&nbsp;<\/p>\n\n\n\n<p>(d) \u201cCapaz\u201d \u2013 persona (persona f\u00edsica o jur\u00eddica) designada por Hard responsable de actuar como canal de comunicaci\u00f3n entre Hard Group, usted y las autoridades agencias gubernamentales en asuntos relacionados con esta Pol\u00edtica de Privacidad y el Tratamiento de Datos Personales por parte de Hard .&nbsp;<\/p>\n\n\n\n<p>(e) \u201cFinalidad\u201d \u2013 lo que Hard tiene por objeto el Tratamiento de Datos Personales;&nbsp;<\/p>\n\n\n\n<p>(f) \u201cPol\u00edtica de Privacidad\u201d \u2013 documento por el cual Hard aclara en detalle, el tratamiento de los datos personales de los Clientes, en cumplimiento de la legislaci\u00f3n vigente, especialmente de conformidad con lo dispuesto en la LGPD;&nbsp;<\/p>\n\n\n\n<p>(g) \u201cSitio\u201d \u2013 plataforma de suministro de productos y servicios de Hard;&nbsp;<\/p>\n\n\n\n<p>(h) \u201cTitular\u201d \u2013 persona natural a quien se refieren los Datos Personales objeto del Tratamiento; y&nbsp;<\/p>\n\n\n\n<p>(i) \u00abProcesamiento\u00bb &#8211; se considera procesamiento de datos personales la recopilaci\u00f3n, producci\u00f3n, recepci\u00f3n, clasificaci\u00f3n, uso, acceso, reproducci\u00f3n, transmisi\u00f3n, distribuci\u00f3n, procesamiento, archivo, almacenamiento, disposici\u00f3n, evaluaci\u00f3n o control de la informaci\u00f3n, modificaci\u00f3n, comunicaci\u00f3n, transferencia, difusi\u00f3n o extracci\u00f3n de Datos Personales.&nbsp;<\/p>\n\n\n\n<p><strong>3. Finalidad de esta Pol\u00edtica de Privacidad<\/strong>&nbsp;<\/p>\n\n\n\n<p>Observando los principios establecidos en el art. 6 de la LGPD, esta Pol\u00edtica de Privacidad busca fortalecer el compromiso de Hard con la privacidad de los Datos Personales de sus Clientes mientras utilizan nuestro sitio web.&nbsp;<\/p>\n\n\n\n<p>Hard utilizar\u00e1 su informaci\u00f3n para los siguientes prop\u00f3sitos:&nbsp;<\/p>\n\n\n\n<p>(a) Toda la informaci\u00f3n recopilada sobre usted se utilizar\u00e1 para mejorar constantemente su experiencia en l\u00ednea y procesar sus pedidos;&nbsp;<\/p>\n\n\n\n<p>(b) Los Datos Personales de los Clientes ser\u00e1n tratados en la medida en que sean necesarios para que Hard pueda prestar los servicios contratados por los mismos, tanto ahora como en el futuro;&nbsp;<\/p>\n\n\n\n<p>(c) los datos personales del cliente permiten que Hard se comunique con usted si es necesario para procesar sus pedidos o para informarle sobre el estado de sus pedidos;&nbsp;<\/p>\n\n\n\n<p>(d) Monitoreamos los patrones de tr\u00e1fico y el uso del sitio web de cada cliente para continuar desarrollando la estructura, el dise\u00f1o y el desempe\u00f1o de Hard en los veh\u00edculos en l\u00ednea;&nbsp;<\/p>\n\n\n\n<p>(e) Tambi\u00e9n podemos usar su informaci\u00f3n para comunicarnos con usted sobre cambios importantes realizados en el sitio web, nuevos servicios de Hard y ofertas especiales;&nbsp;<\/p>\n\n\n\n<p>(f) Para mejorar nuestro sitio web, podemos recopilar informaci\u00f3n que nos ayude a comprender c\u00f3mo los Clientes lo usan. Por ejemplo, podemos estudiar la informaci\u00f3n recopilada para determinar qu\u00e9 \u00e1reas de nuestro sitio web son visitadas con mayor frecuencia por nuestros clientes. Si es necesario, es posible enviar estad\u00edsticas globales sobre nuestros clientes, ventas, patrones de tr\u00e1fico y otra informaci\u00f3n relacionada a terceros de confianza, sin embargo, estas estad\u00edsticas no incluir\u00e1n ninguna informaci\u00f3n que permita la identificaci\u00f3n individual. La informaci\u00f3n personal, como su nombre o direcci\u00f3n de correo electr\u00f3nico, no se utilizar\u00e1 para nuestros estudios. Hard aclara que el Cliente no tiene la obligaci\u00f3n de proporcionar Datos Personales para navegar por su sitio web, sin embargo, si elige no proporcionarlos, es posible que Hard no pueda proporcionar el servicio solicitado. Cualquier informaci\u00f3n proporcionada por los Clientes, incluidos los Datos Personales, ser\u00e1 recopilada y almacenada de acuerdo con los est\u00e1ndares de seguridad exigidos por la Autoridad Nacional de Protecci\u00f3n de Datos o, en su defecto, siguiendo las buenas pr\u00e1cticas de mercado.&nbsp;<\/p>\n\n\n\n<p>Hard aplica sus mejores esfuerzos para mantener la integridad y confidencialidad de la informaci\u00f3n proporcionada a trav\u00e9s de sus canales de comunicaci\u00f3n. El almacenamiento ser\u00e1 por el tiempo necesario y permitido por la ley.&nbsp;<\/p>\n\n\n\n<p><strong>4. \u00bfA qui\u00e9n se aplica esta Pol\u00edtica de privacidad?<\/strong>&nbsp;<\/p>\n\n\n\n<p>Esta Pol\u00edtica de privacidad se aplica a todos aquellos que utilizan el sitio web de Hard, as\u00ed como a aquellos a quienes Hard procesa sus Datos personales a trav\u00e9s del sitio web de la empresa.&nbsp;<\/p>\n\n\n\n<p><strong>5. Finalidad del Tratamiento<\/strong>&nbsp;<\/p>\n\n\n\n<p>Los Datos Personales ser\u00e1n utilizados para las siguientes Finalidades:&nbsp;<\/p>\n\n\n\n<p>Finalidad Base legal &#8211; Autorizar su acceso como Cliente a nuestros sistemas.&nbsp;<\/p>\n\n\n\n<p>Arte. 7, V de la Ley General de Protecci\u00f3n de Datos \u2013 Para la ejecuci\u00f3n del contrato entre Hard y el Cliente. Ofrecerte nuestros productos. Seg\u00fan corresponda, administre su cr\u00e9dito.&nbsp;<\/p>\n\n\n\n<p>Arte. 7, X de la Ley General de Protecci\u00f3n de Datos \u2013 Para protecci\u00f3n de cr\u00e9dito. En su caso, realizar los tr\u00e1mites de cobro. Adem\u00e1s, como \u201cfines secundarios\u201d, es decir, no necesarios, pero que nos permiten brindarle un mejor servicio, su informaci\u00f3n ser\u00e1 utilizada para: Finalidad Base legal &#8211; Informarle sobre nuevos productos o servicios, cambios introducidos en los mismos, ofertas y promociones especiales&nbsp;<\/p>\n\n\n\n<p>Arte. 7, IX de la Ley General de Protecci\u00f3n de Datos &#8211; Para atender el inter\u00e9s leg\u00edtimo de la Sociedad Dominante. Prospecci\u00f3n comercial. Evaluar la calidad del servicio que brindamos.&nbsp;<\/p>\n\n\n\n<p>Si el titular no desea que sus datos personales sean tratados para \u201cfines secundarios\u201d, puede negar su consentimiento desde ahora enviando su solicitud a nuestro Responsable, tal como se indica en el apartado 12 de esta Pol\u00edtica de Privacidad.&nbsp;<\/p>\n\n\n\n<p><strong>6. Compartir datos personales con terceros<\/strong>&nbsp;<\/p>\n\n\n\n<p>Sus Datos Personales podr\u00e1n ser compartidos con nuestros socios y proveedores, en la medida estrictamente necesaria para lograr los fines establecidos en esta Pol\u00edtica de Privacidad y con el fin de garantizar la prestaci\u00f3n del servicio contratado por el Cliente, para cumplir con las disposiciones legales y\/o reglamentarias. obligaciones Le informamos que Hard tambi\u00e9n podr\u00e1 compartir sus datos en casos de fusi\u00f3n, escisi\u00f3n, adquisici\u00f3n o constituci\u00f3n de sociedades o cualquier otra operaci\u00f3n societaria en la que Hard sea parte. Tambi\u00e9n aclaramos que podemos compartir sus datos personales con las autoridades competentes si as\u00ed lo solicita. Destacamos que la puesta en com\u00fan se realizar\u00e1 mediante la adopci\u00f3n de medidas t\u00e9cnicas y organizativas apropiadas, visando la confidencialidad e integridad de la informaci\u00f3n.&nbsp;<\/p>\n\n\n\n<p>[Existe la posibilidad de que en nuestro sitio web haya enlaces que redirijan al Cliente a otros sitios web asociados. En este caso, antes de hacer clic en dichos enlaces, Hard recomienda que consulte las pol\u00edticas de privacidad de estos sitios antes de proporcionar cualquier Dato personal.]&nbsp;<\/p>\n\n\n\n<p><strong>7. Transferencia Internacional de Datos Personales<\/strong>&nbsp;<\/p>\n\n\n\n<p>Hard puede compartir sus Datos personales con socios y proveedores con sede en otros pa\u00edses, siempre de conformidad con la legislaci\u00f3n aplicable y de acuerdo con esta Pol\u00edtica de privacidad.&nbsp;<\/p>\n\n\n\n<p><strong>8. Galletas<\/strong>&nbsp;<\/p>\n\n\n\n<p>Hard puede recopilar autom\u00e1ticamente informaci\u00f3n sobre los Clientes en su sitio web a trav\u00e9s de \u00abcookies\u00bb. Las \u201ccookies\u201d son piezas de informaci\u00f3n que un sitio web transfiere como archivos muy peque\u00f1os o colecciones de archivos de texto, que se almacenan en el disco duro de la computadora del Cliente y se utilizan para mantener un historial de uso de este sitio web. Las \u201ccookies\u201d pueden hacer que el sitio web sea m\u00e1s \u00fatil al almacenar las preferencias del Cliente. Las \u201ccookies\u201d no identifican personalmente a los usuarios, incluso si identifican la computadora de un Cliente. En nuestro sitio web se utiliza Google Analytics. Este es un servicio anal\u00edtico de p\u00e1ginas web proporcionado por Google Inc. (\u00abGoogle\u00bb). Google Analytics utiliza cookies, que son archivos ubicados en su computadora, para ayudar al sitio web a analizar c\u00f3mo los usuarios usan ese sitio web. La informaci\u00f3n que generan las cookies acerca de su uso de los sitios web es transmitida y almacenada por Google en los servidores de la&nbsp;<\/p>\n\n\n\n<p>Estados Unidos. Antes de realizar dicha transferencia, se realizar\u00e1 un proceso de anonimizaci\u00f3n de la informaci\u00f3n, eliminando el \u00faltimo octeto de la direcci\u00f3n IP del usuario. Google procesa esta informaci\u00f3n en nuestro nombre con el fin de evaluar su uso del sitio web, compilar informes de actividad del sitio web y proporcionar otros servicios relacionados con la actividad del sitio web y el uso de Internet. Google no vincular\u00e1 su direcci\u00f3n IP con ning\u00fan otro dato del que disponga Google. Puede rechazar el uso de cookies seleccionando la configuraci\u00f3n apropiada en su navegador. Sin embargo, tenga en cuenta que, al hacerlo, es posible que no se complete la funcionalidad de este sitio web. Puede elegir que sus datos (incluida su direcci\u00f3n IP) nunca m\u00e1s se recopilen y que Google ya no los procese descargando e instalando el complemento para su navegador web desde el siguiente enlace: tools.google.com\/ Las cookies dlpage\/gaoptout pueden ser gestionadas por el Cliente en cualquier momento, simplemente borre los datos&nbsp;<\/p>\n\n\n\n<p>de su navegaci\u00f3n en su navegador. El bloqueo de ciertas cookies puede hacer que ciertas partes de nuestros sitios web no funcionen completa y correctamente.&nbsp;<\/p>\n\n\n\n<p><strong>9. \u00bfRecibir\u00e9 un correo electr\u00f3nico de usted? \u00bfC\u00f3mo procedo si no quiero recibirlos?<\/strong>&nbsp;<\/p>\n\n\n\n<p>S\u00ed. Como usuario registrado, recibir\u00e1 correos electr\u00f3nicos espor\u00e1dicos sobre cambios importantes realizados en el sitio web, nuevos servicios de Hard y ofertas especiales, si en el momento del registro ha indicado en el formulario que desea recibir informaci\u00f3n.&nbsp;<\/p>\n\n\n\n<p>Tiene derecho a solicitar una copia de la informaci\u00f3n que Hard tiene sobre usted en cualquier momento.&nbsp;<\/p>\n\n\n\n<p>Tambi\u00e9n tiene derecho a exigir la correcci\u00f3n de cualquier error en la informaci\u00f3n que Hard tiene sobre usted, as\u00ed como a oponerse al uso de sus datos personales por parte de Hard para fines de marketing directo.&nbsp;<\/p>\n\n\n\n<p><strong>10. Formas en que prevenimos el uso indebido o la divulgaci\u00f3n de sus datos personales \/ Medidas de seguridad<\/strong>&nbsp;<\/p>\n\n\n\n<p>Para evitar el uso indebido o divulgaci\u00f3n de sus datos, estos se mantendr\u00e1n en estricta confidencialidad, para lo cual hemos implementado medidas de seguridad f\u00edsicas, t\u00e9cnicas y administrativas. Para m\u00e1s informaci\u00f3n, puede ponerse en contacto con nuestro departamento de datos personales enviando un correo electr\u00f3nico a la direcci\u00f3n arriba indicada.&nbsp;<\/p>\n\n\n\n<p><strong>11. Ejercicio de derechos por parte del Titular de los datos<\/strong>&nbsp;<\/p>\n\n\n\n<p>En los t\u00e9rminos autorizados por la LGPD, usted podr\u00e1 acceder, rectificar y cancelar sus datos personales, as\u00ed como oponerse a su tratamiento, limitar su uso o divulgaci\u00f3n, as\u00ed como revocar el consentimiento para las finalidades que nos haya otorgado, a trav\u00e9s de los procedimientos que hemos implementado, a menos que est\u00e9 espec\u00edficamente prohibido por ley o autoridad competente. Para conocer los procedimientos, requisitos y plazos antes mencionados, le solicitamos que se comunique con nuestro Responsable, enviando un correo electr\u00f3nico a la siguiente direcci\u00f3n: marketing@hard.com.br Eventualmente, la anonimizaci\u00f3n o la exclusi\u00f3n pueden hacer inviable la prestaci\u00f3n del servicio. servicios cuando se le pedir\u00e1 que cancele los servicios como requisito previo. Si sus Datos personales se procesan con su consentimiento, el Cliente puede retirarlo en cualquier momento. No obstante, la retirada del consentimiento (a) no afectar\u00e1 a la legitimidad del Tratamiento realizado con anterioridad, ni perjudicar\u00e1 al Tratamiento realizado sobre otras bases legales; y (b) puede hacer inviable la continuidad de los servicios, cuando se le solicitar\u00e1 la cancelaci\u00f3n de los servicios como requisito previo.&nbsp;<\/p>\n\n\n\n<p><strong>12. Compromiso firme<\/strong>&nbsp;<\/p>\n\n\n\n<p>La protecci\u00f3n de su privacidad es una prioridad para Grupo Hard. Utilizamos la informaci\u00f3n recopilada en el sitio web para que navegar y comprar en nuestro sitio web sea lo m\u00e1s simple posible y para brindarle una experiencia de compra superior. Despu\u00e9s de todo, hacer la vida del cliente m\u00e1s f\u00e1cil es una misi\u00f3n para Hard. Esta informaci\u00f3n solo estar\u00e1 disponible para el personal de Hard en la medida en que sea \u00fatil para cumplir con su pedido o para informarle sobre nuestros productos, tanto ahora como en el futuro. No vendemos, intercambiamos ni damos su informaci\u00f3n personal a otros. En caso de duda, p\u00f3ngase en contacto a trav\u00e9s de los canales de comunicaci\u00f3n de Grupo Hard, siempre disponibles para ayudar.&nbsp;<\/p>\n","protected":false},"excerpt":{"rendered":"1. Acerca del grupo Hard&nbsp; El Grupo Hard act\u00faa para elevar el est\u00e1ndar constructivo y [&hellip;]","protected":false},"author":14,"featured_media":0,"parent":0,"menu_order":34,"comment_status":"closed","ping_status":"closed","template":"page-policy.php","meta":{"_acf_changed":false,"footnotes":""},"class_list":["post-22171","page","type-page","status-publish","hentry"],"acf":[],"yoast_head":"<!-- This site is optimized with the Yoast SEO plugin v27.2 - https:\/\/yoast.com\/product\/yoast-seo-wordpress\/ -->\n<title>Pol\u00edtica de Cookies | Grupo Hard<\/title>\n<meta name=\"robots\" content=\"index, follow, max-snippet:-1, max-image-preview:large, max-video-preview:-1\" \/>\n<link rel=\"canonical\" href=\"https:\/\/www.hard.com.br\/es\/politica-de-cookies\/\" \/>\n<meta property=\"og:locale\" content=\"es_ES\" \/>\n<meta property=\"og:type\" content=\"article\" \/>\n<meta property=\"og:title\" content=\"Pol\u00edtica de Cookies | Grupo Hard\" \/>\n<meta property=\"og:description\" content=\"1. Acerca del grupo Hard&nbsp; El Grupo Hard act\u00faa para elevar el est\u00e1ndar constructivo y [&hellip;]\" \/>\n<meta property=\"og:url\" content=\"https:\/\/www.hard.com.br\/es\/politica-de-cookies\/\" \/>\n<meta property=\"og:site_name\" content=\"Grupo Hard\" \/>\n<meta property=\"article:modified_time\" content=\"2023-01-30T19:34:32+00:00\" \/>\n<meta name=\"twitter:card\" content=\"summary_large_image\" \/>\n<meta name=\"twitter:label1\" content=\"Tiempo de lectura\" \/>\n\t<meta name=\"twitter:data1\" content=\"2 minutos\" \/>\n<script type=\"application\/ld+json\" class=\"yoast-schema-graph\">{\"@context\":\"https:\/\/schema.org\",\"@graph\":[{\"@type\":\"WebPage\",\"@id\":\"https:\/\/www.hard.com.br\/es\/politica-de-cookies\/\",\"url\":\"https:\/\/www.hard.com.br\/es\/politica-de-cookies\/\",\"name\":\"Pol\u00edtica de Cookies | Grupo Hard\",\"isPartOf\":{\"@id\":\"https:\/\/www.hard.com.br\/es\/#website\"},\"datePublished\":\"2022-02-03T04:07:51+00:00\",\"dateModified\":\"2023-01-30T19:34:32+00:00\",\"breadcrumb\":{\"@id\":\"https:\/\/www.hard.com.br\/es\/politica-de-cookies\/#breadcrumb\"},\"inLanguage\":\"es\",\"potentialAction\":[{\"@type\":\"ReadAction\",\"target\":[\"https:\/\/www.hard.com.br\/es\/politica-de-cookies\/\"]}]},{\"@type\":\"BreadcrumbList\",\"@id\":\"https:\/\/www.hard.com.br\/es\/politica-de-cookies\/#breadcrumb\",\"itemListElement\":[{\"@type\":\"ListItem\",\"position\":1,\"name\":\"Home\",\"item\":\"https:\/\/www.hard.com.br\/es\/\"},{\"@type\":\"ListItem\",\"position\":2,\"name\":\"Pol\u00edtica de Cookies\"}]},{\"@type\":\"WebSite\",\"@id\":\"https:\/\/www.hard.com.br\/es\/#website\",\"url\":\"https:\/\/www.hard.com.br\/es\/\",\"name\":\"Grupo Hard\",\"description\":\"Desde 1985.\",\"potentialAction\":[{\"@type\":\"SearchAction\",\"target\":{\"@type\":\"EntryPoint\",\"urlTemplate\":\"https:\/\/www.hard.com.br\/es\/?s={search_term_string}\"},\"query-input\":{\"@type\":\"PropertyValueSpecification\",\"valueRequired\":true,\"valueName\":\"search_term_string\"}}],\"inLanguage\":\"es\"}]}<\/script>\n<!-- \/ Yoast SEO plugin. -->","yoast_head_json":{"title":"Pol\u00edtica de Cookies | Grupo Hard","robots":{"index":"index","follow":"follow","max-snippet":"max-snippet:-1","max-image-preview":"max-image-preview:large","max-video-preview":"max-video-preview:-1"},"canonical":"https:\/\/www.hard.com.br\/es\/politica-de-cookies\/","og_locale":"es_ES","og_type":"article","og_title":"Pol\u00edtica de Cookies | Grupo Hard","og_description":"1. Acerca del grupo Hard&nbsp; El Grupo Hard act\u00faa para elevar el est\u00e1ndar constructivo y [&hellip;]","og_url":"https:\/\/www.hard.com.br\/es\/politica-de-cookies\/","og_site_name":"Grupo Hard","article_modified_time":"2023-01-30T19:34:32+00:00","twitter_card":"summary_large_image","twitter_misc":{"Tiempo de lectura":"2 minutos"},"schema":{"@context":"https:\/\/schema.org","@graph":[{"@type":"WebPage","@id":"https:\/\/www.hard.com.br\/es\/politica-de-cookies\/","url":"https:\/\/www.hard.com.br\/es\/politica-de-cookies\/","name":"Pol\u00edtica de Cookies | Grupo Hard","isPartOf":{"@id":"https:\/\/www.hard.com.br\/es\/#website"},"datePublished":"2022-02-03T04:07:51+00:00","dateModified":"2023-01-30T19:34:32+00:00","breadcrumb":{"@id":"https:\/\/www.hard.com.br\/es\/politica-de-cookies\/#breadcrumb"},"inLanguage":"es","potentialAction":[{"@type":"ReadAction","target":["https:\/\/www.hard.com.br\/es\/politica-de-cookies\/"]}]},{"@type":"BreadcrumbList","@id":"https:\/\/www.hard.com.br\/es\/politica-de-cookies\/#breadcrumb","itemListElement":[{"@type":"ListItem","position":1,"name":"Home","item":"https:\/\/www.hard.com.br\/es\/"},{"@type":"ListItem","position":2,"name":"Pol\u00edtica de Cookies"}]},{"@type":"WebSite","@id":"https:\/\/www.hard.com.br\/es\/#website","url":"https:\/\/www.hard.com.br\/es\/","name":"Grupo Hard","description":"Desde 1985.","potentialAction":[{"@type":"SearchAction","target":{"@type":"EntryPoint","urlTemplate":"https:\/\/www.hard.com.br\/es\/?s={search_term_string}"},"query-input":{"@type":"PropertyValueSpecification","valueRequired":true,"valueName":"search_term_string"}}],"inLanguage":"es"}]}},"_links":{"self":[{"href":"https:\/\/www.hard.com.br\/es\/wp-json\/wp\/v2\/pages\/22171","targetHints":{"allow":["GET"]}}],"collection":[{"href":"https:\/\/www.hard.com.br\/es\/wp-json\/wp\/v2\/pages"}],"about":[{"href":"https:\/\/www.hard.com.br\/es\/wp-json\/wp\/v2\/types\/page"}],"author":[{"embeddable":true,"href":"https:\/\/www.hard.com.br\/es\/wp-json\/wp\/v2\/users\/14"}],"replies":[{"embeddable":true,"href":"https:\/\/www.hard.com.br\/es\/wp-json\/wp\/v2\/comments?post=22171"}],"version-history":[{"count":4,"href":"https:\/\/www.hard.com.br\/es\/wp-json\/wp\/v2\/pages\/22171\/revisions"}],"predecessor-version":[{"id":23855,"href":"https:\/\/www.hard.com.br\/es\/wp-json\/wp\/v2\/pages\/22171\/revisions\/23855"}],"wp:attachment":[{"href":"https:\/\/www.hard.com.br\/es\/wp-json\/wp\/v2\/media?parent=22171"}],"curies":[{"name":"wp","href":"https:\/\/api.w.org\/{rel}","templated":true}]}}