{"id":22220,"date":"2022-02-10T05:22:48","date_gmt":"2022-02-10T08:22:48","guid":{"rendered":"https:\/\/www.hard.com.br\/unidades-de-negocios\/"},"modified":"2023-01-31T15:27:18","modified_gmt":"2023-01-31T18:27:18","slug":"unidades-de-negocio","status":"publish","type":"page","link":"https:\/\/www.hard.com.br\/es\/unidades-de-negocio\/","title":{"rendered":"Unidades de Negocio"},"content":{"rendered":"<p>Especialista en soluciones innovadoras para la Construcci\u00f3n y la Industria, el Grupo Hard se divide en 4 Unidades de Negocio:<\/p>\n<p><strong>Construcci\u00f3n Civil:<\/strong> con amplia experiencia en el desarrollo y fabricaci\u00f3n de selladores, anclajes, fijaciones, impermeabilizantes y lechadas.<\/p>\n<p><strong>Construcci\u00f3n Met\u00e1lica y Prefabricada:<\/strong> especialista en fijaci\u00f3n y sellado, siendo l\u00edder en el segmento de fijaci\u00f3n para construcciones met\u00e1licas en Brasil.<\/p>\n<p><strong>Industria:<\/strong> atendiendo a los mercados de Mantenimiento, Reparaci\u00f3n y Operaciones (MRO), Modelado, Utillaje y creaci\u00f3n de prototipos y Original Equipment Manufacturer (OEM).<\/p>\n<p><strong>Reventa:<\/strong> amplia red de partners para atender a clientes de diferentes sectores.<\/p>\n","protected":false},"excerpt":{"rendered":"Especialista en soluciones innovadoras para la Construcci\u00f3n y la Industria, el Grupo Hard se divide [&hellip;]","protected":false},"author":14,"featured_media":0,"parent":0,"menu_order":13,"comment_status":"closed","ping_status":"closed","template":"page-unidades-de-negocios.php","meta":{"_acf_changed":false,"footnotes":""},"class_list":["post-22220","page","type-page","status-publish","hentry"],"acf":[],"yoast_head":"<!-- This site is optimized with the Yoast SEO plugin v27.2 - https:\/\/yoast.com\/product\/yoast-seo-wordpress\/ -->\n<title>Unidades de negocio del grupo Hard<\/title>\n<meta name=\"description\" content=\"Especialista en soluciones innovadoras para la Construcci\u00f3n y la Industria, el Grupo Hard se divide en 4 Unidades de Negocio.\" \/>\n<meta name=\"robots\" content=\"index, follow, max-snippet:-1, max-image-preview:large, max-video-preview:-1\" \/>\n<link rel=\"canonical\" href=\"https:\/\/www.hard.com.br\/es\/unidades-de-negocio\/\" \/>\n<meta property=\"og:locale\" content=\"es_ES\" \/>\n<meta property=\"og:type\" content=\"article\" \/>\n<meta property=\"og:title\" content=\"Unidades de negocio del grupo Hard\" \/>\n<meta property=\"og:description\" content=\"Especialista en soluciones innovadoras para la Construcci\u00f3n y la Industria, el Grupo Hard se divide en 4 Unidades de Negocio.\" \/>\n<meta property=\"og:url\" content=\"https:\/\/www.hard.com.br\/es\/unidades-de-negocio\/\" \/>\n<meta property=\"og:site_name\" content=\"Grupo Hard\" \/>\n<meta property=\"article:modified_time\" content=\"2023-01-31T18:27:18+00:00\" \/>\n<meta name=\"twitter:card\" content=\"summary_large_image\" \/>\n<meta name=\"twitter:label1\" content=\"Tiempo de lectura\" \/>\n\t<meta name=\"twitter:data1\" content=\"1 minuto\" \/>\n<script type=\"application\/ld+json\" class=\"yoast-schema-graph\">{\"@context\":\"https:\/\/schema.org\",\"@graph\":[{\"@type\":\"WebPage\",\"@id\":\"https:\/\/www.hard.com.br\/es\/unidades-de-negocio\/\",\"url\":\"https:\/\/www.hard.com.br\/es\/unidades-de-negocio\/\",\"name\":\"Unidades de negocio del grupo Hard\",\"isPartOf\":{\"@id\":\"https:\/\/www.hard.com.br\/es\/#website\"},\"datePublished\":\"2022-02-10T08:22:48+00:00\",\"dateModified\":\"2023-01-31T18:27:18+00:00\",\"description\":\"Especialista en soluciones innovadoras para la Construcci\u00f3n y la Industria, el Grupo Hard se divide en 4 Unidades de Negocio.\",\"breadcrumb\":{\"@id\":\"https:\/\/www.hard.com.br\/es\/unidades-de-negocio\/#breadcrumb\"},\"inLanguage\":\"es\",\"potentialAction\":[{\"@type\":\"ReadAction\",\"target\":[\"https:\/\/www.hard.com.br\/es\/unidades-de-negocio\/\"]}]},{\"@type\":\"BreadcrumbList\",\"@id\":\"https:\/\/www.hard.com.br\/es\/unidades-de-negocio\/#breadcrumb\",\"itemListElement\":[{\"@type\":\"ListItem\",\"position\":1,\"name\":\"Home\",\"item\":\"https:\/\/www.hard.com.br\/es\/\"},{\"@type\":\"ListItem\",\"position\":2,\"name\":\"Unidades de Negocio\"}]},{\"@type\":\"WebSite\",\"@id\":\"https:\/\/www.hard.com.br\/es\/#website\",\"url\":\"https:\/\/www.hard.com.br\/es\/\",\"name\":\"Grupo Hard\",\"description\":\"Desde 1985.\",\"potentialAction\":[{\"@type\":\"SearchAction\",\"target\":{\"@type\":\"EntryPoint\",\"urlTemplate\":\"https:\/\/www.hard.com.br\/es\/?s={search_term_string}\"},\"query-input\":{\"@type\":\"PropertyValueSpecification\",\"valueRequired\":true,\"valueName\":\"search_term_string\"}}],\"inLanguage\":\"es\"}]}<\/script>\n<!-- \/ Yoast SEO plugin. -->","yoast_head_json":{"title":"Unidades de negocio del grupo Hard","description":"Especialista en soluciones innovadoras para la Construcci\u00f3n y la Industria, el Grupo Hard se divide en 4 Unidades de Negocio.","robots":{"index":"index","follow":"follow","max-snippet":"max-snippet:-1","max-image-preview":"max-image-preview:large","max-video-preview":"max-video-preview:-1"},"canonical":"https:\/\/www.hard.com.br\/es\/unidades-de-negocio\/","og_locale":"es_ES","og_type":"article","og_title":"Unidades de negocio del grupo Hard","og_description":"Especialista en soluciones innovadoras para la Construcci\u00f3n y la Industria, el Grupo Hard se divide en 4 Unidades de Negocio.","og_url":"https:\/\/www.hard.com.br\/es\/unidades-de-negocio\/","og_site_name":"Grupo Hard","article_modified_time":"2023-01-31T18:27:18+00:00","twitter_card":"summary_large_image","twitter_misc":{"Tiempo de lectura":"1 minuto"},"schema":{"@context":"https:\/\/schema.org","@graph":[{"@type":"WebPage","@id":"https:\/\/www.hard.com.br\/es\/unidades-de-negocio\/","url":"https:\/\/www.hard.com.br\/es\/unidades-de-negocio\/","name":"Unidades de negocio del grupo Hard","isPartOf":{"@id":"https:\/\/www.hard.com.br\/es\/#website"},"datePublished":"2022-02-10T08:22:48+00:00","dateModified":"2023-01-31T18:27:18+00:00","description":"Especialista en soluciones innovadoras para la Construcci\u00f3n y la Industria, el Grupo Hard se divide en 4 Unidades de Negocio.","breadcrumb":{"@id":"https:\/\/www.hard.com.br\/es\/unidades-de-negocio\/#breadcrumb"},"inLanguage":"es","potentialAction":[{"@type":"ReadAction","target":["https:\/\/www.hard.com.br\/es\/unidades-de-negocio\/"]}]},{"@type":"BreadcrumbList","@id":"https:\/\/www.hard.com.br\/es\/unidades-de-negocio\/#breadcrumb","itemListElement":[{"@type":"ListItem","position":1,"name":"Home","item":"https:\/\/www.hard.com.br\/es\/"},{"@type":"ListItem","position":2,"name":"Unidades de Negocio"}]},{"@type":"WebSite","@id":"https:\/\/www.hard.com.br\/es\/#website","url":"https:\/\/www.hard.com.br\/es\/","name":"Grupo Hard","description":"Desde 1985.","potentialAction":[{"@type":"SearchAction","target":{"@type":"EntryPoint","urlTemplate":"https:\/\/www.hard.com.br\/es\/?s={search_term_string}"},"query-input":{"@type":"PropertyValueSpecification","valueRequired":true,"valueName":"search_term_string"}}],"inLanguage":"es"}]}},"_links":{"self":[{"href":"https:\/\/www.hard.com.br\/es\/wp-json\/wp\/v2\/pages\/22220","targetHints":{"allow":["GET"]}}],"collection":[{"href":"https:\/\/www.hard.com.br\/es\/wp-json\/wp\/v2\/pages"}],"about":[{"href":"https:\/\/www.hard.com.br\/es\/wp-json\/wp\/v2\/types\/page"}],"author":[{"embeddable":true,"href":"https:\/\/www.hard.com.br\/es\/wp-json\/wp\/v2\/users\/14"}],"replies":[{"embeddable":true,"href":"https:\/\/www.hard.com.br\/es\/wp-json\/wp\/v2\/comments?post=22220"}],"version-history":[{"count":5,"href":"https:\/\/www.hard.com.br\/es\/wp-json\/wp\/v2\/pages\/22220\/revisions"}],"predecessor-version":[{"id":23924,"href":"https:\/\/www.hard.com.br\/es\/wp-json\/wp\/v2\/pages\/22220\/revisions\/23924"}],"wp:attachment":[{"href":"https:\/\/www.hard.com.br\/es\/wp-json\/wp\/v2\/media?parent=22220"}],"curies":[{"name":"wp","href":"https:\/\/api.w.org\/{rel}","templated":true}]}}