{"id":22482,"date":"2022-02-23T09:45:32","date_gmt":"2022-02-23T12:45:32","guid":{"rendered":"https:\/\/www.hard.com.br\/a-hard\/"},"modified":"2023-05-02T17:39:06","modified_gmt":"2023-05-02T20:39:06","slug":"bienvenido-al-grupo-hard","status":"publish","type":"page","link":"https:\/\/www.hard.com.br\/es\/bienvenido-al-grupo-hard\/","title":{"rendered":"HARD"},"content":{"rendered":"<h1>Bienvenido al Grupo Hard<\/h1>\n<p>En 1985 nace GRUPO HARD con el objetivo de <strong>CONSTRUIR LO NUEVO, SIENDO \u00daNICOS<\/strong>! Y ese prop\u00f3sito est\u00e1 presente, a\u00fan hoy, en la esencia de nuestros productos. Es gracias a \u00e9l que logramos elevar el est\u00e1ndar constructivo y productivo en los pa\u00edses donde operamos. Que ofrecemos innovaci\u00f3n en todos nuestros segmentos. Que llevamos 38 a\u00f1os facilit\u00e1ndole la vida a las personas.<\/p>\n<p>Actualmente, GRUPO HARD opera en 4 Unidades de Negocio, con productos que siguen est\u00e1ndares nacionales e internacionales. La empresa fue la primera en Brasil en recibir la certificaci\u00f3n FM Approved, es pionera en soluciones de mantenimiento industrial para bombas y v\u00e1lvulas y en la creaci\u00f3n y desarrollo de placas de poliuretano.<\/p>\n<p>GRUPO HARD invierte en innovaci\u00f3n y tecnolog\u00eda para desarrollar productos cada vez m\u00e1s innovadores y capaces de elevar el est\u00e1ndar constructivo del mercado.<\/p>\n<p>\u00bfQuieres conocer mejor al Grupo Hard? Entonces mira el video.<\/p>\n","protected":false},"excerpt":{"rendered":"Bienvenido al Grupo Hard En 1985 nace GRUPO HARD con el objetivo de CONSTRUIR LO [&hellip;]","protected":false},"author":14,"featured_media":27217,"parent":0,"menu_order":2,"comment_status":"closed","ping_status":"closed","template":"page-about.php","meta":{"_acf_changed":false,"footnotes":""},"class_list":["post-22482","page","type-page","status-publish","has-post-thumbnail","hentry"],"acf":[],"yoast_head":"<!-- This site is optimized with the Yoast SEO plugin v27.2 - https:\/\/yoast.com\/product\/yoast-seo-wordpress\/ -->\n<title>Bienvenido al Grupo Hard<\/title>\n<meta name=\"description\" content=\"GRUPO HARD naci\u00f3 hace 36 a\u00f1os, con el objetivo de hacer la vida m\u00e1s f\u00e1cil a sus clientes, y este prop\u00f3sito est\u00e1 presente, hasta el d\u00eda de hoy, en la esencia de sus productos.\" \/>\n<meta name=\"robots\" content=\"index, follow, max-snippet:-1, max-image-preview:large, max-video-preview:-1\" \/>\n<link rel=\"canonical\" href=\"https:\/\/www.hard.com.br\/es\/bienvenido-al-grupo-hard\/\" \/>\n<meta property=\"og:locale\" content=\"es_ES\" \/>\n<meta property=\"og:type\" content=\"article\" \/>\n<meta property=\"og:title\" content=\"Bienvenido al Grupo Hard\" \/>\n<meta property=\"og:description\" content=\"GRUPO HARD naci\u00f3 hace 36 a\u00f1os, con el objetivo de hacer la vida m\u00e1s f\u00e1cil a sus clientes, y este prop\u00f3sito est\u00e1 presente, hasta el d\u00eda de hoy, en la esencia de sus productos.\" \/>\n<meta property=\"og:url\" content=\"https:\/\/www.hard.com.br\/es\/bienvenido-al-grupo-hard\/\" \/>\n<meta property=\"og:site_name\" content=\"Grupo Hard\" \/>\n<meta property=\"article:modified_time\" content=\"2023-05-02T20:39:06+00:00\" \/>\n<meta name=\"twitter:card\" content=\"summary_large_image\" \/>\n<meta name=\"twitter:label1\" content=\"Tiempo de lectura\" \/>\n\t<meta name=\"twitter:data1\" content=\"2 minutos\" \/>\n<script type=\"application\/ld+json\" class=\"yoast-schema-graph\">{\"@context\":\"https:\/\/schema.org\",\"@graph\":[{\"@type\":\"WebPage\",\"@id\":\"https:\/\/www.hard.com.br\/es\/bienvenido-al-grupo-hard\/\",\"url\":\"https:\/\/www.hard.com.br\/es\/bienvenido-al-grupo-hard\/\",\"name\":\"Bienvenido al Grupo Hard\",\"isPartOf\":{\"@id\":\"https:\/\/www.hard.com.br\/es\/#website\"},\"primaryImageOfPage\":{\"@id\":\"https:\/\/www.hard.com.br\/es\/bienvenido-al-grupo-hard\/#primaryimage\"},\"image\":{\"@id\":\"https:\/\/www.hard.com.br\/es\/bienvenido-al-grupo-hard\/#primaryimage\"},\"thumbnailUrl\":\"https:\/\/www.hard.com.br\/wp-content\/uploads\/2024\/02\/BLOG-Imagem-Menor-430-x-204-px-desktop.png\",\"datePublished\":\"2022-02-23T12:45:32+00:00\",\"dateModified\":\"2023-05-02T20:39:06+00:00\",\"description\":\"GRUPO HARD naci\u00f3 hace 36 a\u00f1os, con el objetivo de hacer la vida m\u00e1s f\u00e1cil a sus clientes, y este prop\u00f3sito est\u00e1 presente, hasta el d\u00eda de hoy, en la esencia de sus productos.\",\"breadcrumb\":{\"@id\":\"https:\/\/www.hard.com.br\/es\/bienvenido-al-grupo-hard\/#breadcrumb\"},\"inLanguage\":\"es\",\"potentialAction\":[{\"@type\":\"ReadAction\",\"target\":[\"https:\/\/www.hard.com.br\/es\/bienvenido-al-grupo-hard\/\"]}]},{\"@type\":\"ImageObject\",\"inLanguage\":\"es\",\"@id\":\"https:\/\/www.hard.com.br\/es\/bienvenido-al-grupo-hard\/#primaryimage\",\"url\":\"https:\/\/www.hard.com.br\/wp-content\/uploads\/2024\/02\/BLOG-Imagem-Menor-430-x-204-px-desktop.png\",\"contentUrl\":\"https:\/\/www.hard.com.br\/wp-content\/uploads\/2024\/02\/BLOG-Imagem-Menor-430-x-204-px-desktop.png\",\"width\":430,\"height\":204,\"caption\":\"expans\u00e3o grupo hard\"},{\"@type\":\"BreadcrumbList\",\"@id\":\"https:\/\/www.hard.com.br\/es\/bienvenido-al-grupo-hard\/#breadcrumb\",\"itemListElement\":[{\"@type\":\"ListItem\",\"position\":1,\"name\":\"Home\",\"item\":\"https:\/\/www.hard.com.br\/es\/\"},{\"@type\":\"ListItem\",\"position\":2,\"name\":\"HARD\"}]},{\"@type\":\"WebSite\",\"@id\":\"https:\/\/www.hard.com.br\/es\/#website\",\"url\":\"https:\/\/www.hard.com.br\/es\/\",\"name\":\"Grupo Hard\",\"description\":\"Desde 1985.\",\"potentialAction\":[{\"@type\":\"SearchAction\",\"target\":{\"@type\":\"EntryPoint\",\"urlTemplate\":\"https:\/\/www.hard.com.br\/es\/?s={search_term_string}\"},\"query-input\":{\"@type\":\"PropertyValueSpecification\",\"valueRequired\":true,\"valueName\":\"search_term_string\"}}],\"inLanguage\":\"es\"}]}<\/script>\n<!-- \/ Yoast SEO plugin. -->","yoast_head_json":{"title":"Bienvenido al Grupo Hard","description":"GRUPO HARD naci\u00f3 hace 36 a\u00f1os, con el objetivo de hacer la vida m\u00e1s f\u00e1cil a sus clientes, y este prop\u00f3sito est\u00e1 presente, hasta el d\u00eda de hoy, en la esencia de sus productos.","robots":{"index":"index","follow":"follow","max-snippet":"max-snippet:-1","max-image-preview":"max-image-preview:large","max-video-preview":"max-video-preview:-1"},"canonical":"https:\/\/www.hard.com.br\/es\/bienvenido-al-grupo-hard\/","og_locale":"es_ES","og_type":"article","og_title":"Bienvenido al Grupo Hard","og_description":"GRUPO HARD naci\u00f3 hace 36 a\u00f1os, con el objetivo de hacer la vida m\u00e1s f\u00e1cil a sus clientes, y este prop\u00f3sito est\u00e1 presente, hasta el d\u00eda de hoy, en la esencia de sus productos.","og_url":"https:\/\/www.hard.com.br\/es\/bienvenido-al-grupo-hard\/","og_site_name":"Grupo Hard","article_modified_time":"2023-05-02T20:39:06+00:00","twitter_card":"summary_large_image","twitter_misc":{"Tiempo de lectura":"2 minutos"},"schema":{"@context":"https:\/\/schema.org","@graph":[{"@type":"WebPage","@id":"https:\/\/www.hard.com.br\/es\/bienvenido-al-grupo-hard\/","url":"https:\/\/www.hard.com.br\/es\/bienvenido-al-grupo-hard\/","name":"Bienvenido al Grupo Hard","isPartOf":{"@id":"https:\/\/www.hard.com.br\/es\/#website"},"primaryImageOfPage":{"@id":"https:\/\/www.hard.com.br\/es\/bienvenido-al-grupo-hard\/#primaryimage"},"image":{"@id":"https:\/\/www.hard.com.br\/es\/bienvenido-al-grupo-hard\/#primaryimage"},"thumbnailUrl":"https:\/\/www.hard.com.br\/wp-content\/uploads\/2024\/02\/BLOG-Imagem-Menor-430-x-204-px-desktop.png","datePublished":"2022-02-23T12:45:32+00:00","dateModified":"2023-05-02T20:39:06+00:00","description":"GRUPO HARD naci\u00f3 hace 36 a\u00f1os, con el objetivo de hacer la vida m\u00e1s f\u00e1cil a sus clientes, y este prop\u00f3sito est\u00e1 presente, hasta el d\u00eda de hoy, en la esencia de sus productos.","breadcrumb":{"@id":"https:\/\/www.hard.com.br\/es\/bienvenido-al-grupo-hard\/#breadcrumb"},"inLanguage":"es","potentialAction":[{"@type":"ReadAction","target":["https:\/\/www.hard.com.br\/es\/bienvenido-al-grupo-hard\/"]}]},{"@type":"ImageObject","inLanguage":"es","@id":"https:\/\/www.hard.com.br\/es\/bienvenido-al-grupo-hard\/#primaryimage","url":"https:\/\/www.hard.com.br\/wp-content\/uploads\/2024\/02\/BLOG-Imagem-Menor-430-x-204-px-desktop.png","contentUrl":"https:\/\/www.hard.com.br\/wp-content\/uploads\/2024\/02\/BLOG-Imagem-Menor-430-x-204-px-desktop.png","width":430,"height":204,"caption":"expans\u00e3o grupo hard"},{"@type":"BreadcrumbList","@id":"https:\/\/www.hard.com.br\/es\/bienvenido-al-grupo-hard\/#breadcrumb","itemListElement":[{"@type":"ListItem","position":1,"name":"Home","item":"https:\/\/www.hard.com.br\/es\/"},{"@type":"ListItem","position":2,"name":"HARD"}]},{"@type":"WebSite","@id":"https:\/\/www.hard.com.br\/es\/#website","url":"https:\/\/www.hard.com.br\/es\/","name":"Grupo Hard","description":"Desde 1985.","potentialAction":[{"@type":"SearchAction","target":{"@type":"EntryPoint","urlTemplate":"https:\/\/www.hard.com.br\/es\/?s={search_term_string}"},"query-input":{"@type":"PropertyValueSpecification","valueRequired":true,"valueName":"search_term_string"}}],"inLanguage":"es"}]}},"_links":{"self":[{"href":"https:\/\/www.hard.com.br\/es\/wp-json\/wp\/v2\/pages\/22482","targetHints":{"allow":["GET"]}}],"collection":[{"href":"https:\/\/www.hard.com.br\/es\/wp-json\/wp\/v2\/pages"}],"about":[{"href":"https:\/\/www.hard.com.br\/es\/wp-json\/wp\/v2\/types\/page"}],"author":[{"embeddable":true,"href":"https:\/\/www.hard.com.br\/es\/wp-json\/wp\/v2\/users\/14"}],"replies":[{"embeddable":true,"href":"https:\/\/www.hard.com.br\/es\/wp-json\/wp\/v2\/comments?post=22482"}],"version-history":[{"count":9,"href":"https:\/\/www.hard.com.br\/es\/wp-json\/wp\/v2\/pages\/22482\/revisions"}],"predecessor-version":[{"id":24555,"href":"https:\/\/www.hard.com.br\/es\/wp-json\/wp\/v2\/pages\/22482\/revisions\/24555"}],"wp:featuredmedia":[{"embeddable":true,"href":"https:\/\/www.hard.com.br\/es\/wp-json\/wp\/v2\/media\/27217"}],"wp:attachment":[{"href":"https:\/\/www.hard.com.br\/es\/wp-json\/wp\/v2\/media?parent=22482"}],"curies":[{"name":"wp","href":"https:\/\/api.w.org\/{rel}","templated":true}]}}